{"id":11102,"date":"2024-09-20T10:16:04","date_gmt":"2024-09-20T03:16:04","guid":{"rendered":"https:\/\/shizencos.com\/?post_type=product&#038;p=11102"},"modified":"2025-05-26T19:13:24","modified_gmt":"2025-05-26T12:13:24","slug":"gia-cong-dau-duong-toc","status":"publish","type":"product","link":"https:\/\/shizencos.com\/en\/gia-cong-dau-duong-toc\/","title":{"rendered":"Hair care oil processing"},"content":{"rendered":"<p><span style=\"font-size: 12pt;\"><i><span style=\"font-weight: 400;\">Shizencos nh\u1eadn gia c\u00f4ng d\u1ea7u d\u01b0\u1ee1ng t\u00f3c \u0111\u1ea1t chu\u1ea9n &#8211; C\u00f4ng th\u1ee9c \u0111\u1ed9c quy\u1ec1n, linh ho\u1ea1t s\u1ed1 l\u01b0\u1ee3ng ph\u00f9 h\u1ee3p c\u1ea3 startup v\u00e0 th\u01b0\u01a1ng hi\u1ec7u l\u1edbn. D\u1ecbch v\u1ee5 gia c\u00f4ng tr\u1ecdn g\u00f3i: R&amp;D nghi\u00ean c\u1ee9u &#8211; quy tr\u00ecnh s\u1ea3n xu\u1ea5t kh\u00e9p k\u00edn &#8211; thi\u1ebft k\u1ebf bao b\u00ec &#8211; \u0111\u00f3ng g\u00f3i &#8211; c\u00f4ng b\u1ed1 s\u1ea3n ph\u1ea9m. M\u1ed7i b\u01b0\u1edbc \u0111\u1ec1u \u0111\u01b0\u1ee3c ki\u1ec3m so\u00e1t nghi\u00eam ng\u1eb7t, cam k\u1ebft ch\u1ea5t l\u01b0\u1ee3ng s\u1ea3n ph\u1ea9m \u0111\u1ea1t chu\u1ea9n qu\u1ed1c t\u1ebf, \u0111\u00e1p \u1ee9ng t\u1ed1i \u0111a nhu c\u1ea7u th\u1ecb tr\u01b0\u1eddng v\u00e0 th\u1ecb hi\u1ebfu kh\u00e1ch h\u00e0ng.<\/span><\/i><\/span><\/p>\n<p><span style=\"font-size: 12pt;\"><i><span style=\"font-weight: 400;\">Whether you are an individual who wants to start a cosmetics business or a business that wants to expand its brand, the product processing model will be the optimal solution to help you save costs, time and limit operational risks. See the article below for more details!<\/span><\/i><\/span><\/p>\n<h2><span style=\"font-size: 14pt;\"><b>1. What is hair care oil processing?<\/b><\/span><\/h2>\n<p>Hair conditioner is a specialized hair care product, often extracted from natural essential oils such as argan, jojoba, coconut, olive... with the effect of restoring damage, moisturizing, nourishing and protecting hair from environmental impacts. This is one of the indispensable product lines in the comprehensive hair care process.<\/p>\n<p><span style=\"font-size: 12pt;\">Hair oil processing is a form in which businesses and cosmetic brands cooperate with manufacturing factories to develop products according to their own requirements from formula, packaging to brand orientation. This form helps save R&amp;D time, operating costs and optimize business efficiency, especially suitable for new brands or those who want to quickly expand their product portfolio.<\/span><\/p>\n<figure id=\"attachment_8598\" aria-describedby=\"caption-attachment-8598\" style=\"width: 800px\" class=\"wp-caption aligncenter\"><a href=\"https:\/\/shizencos.com\/wp-content\/uploads\/2024\/06\/gioi-thieu-tong-quan-ve-gia-cong-dau-duong-toc.png\"><img fetchpriority=\"high\" decoding=\"async\" class=\"size-full wp-image-8598\" src=\"https:\/\/shizencos.com\/wp-content\/uploads\/2024\/06\/gioi-thieu-tong-quan-ve-gia-cong-dau-duong-toc.png\" alt=\"Gi\u1edbi thi\u1ec7u t\u1ed5ng quan v\u1ec1 gia c\u00f4ng d\u1ea7u d\u01b0\u1ee1ng t\u00f3c\" width=\"800\" height=\"400\" title=\"\"><\/a><figcaption id=\"caption-attachment-8598\" class=\"wp-caption-text\">Overview of hair care oil processing<\/figcaption><\/figure>\n<h2><span style=\"font-size: 14pt;\"><b>2. Benefits of choosing hair care oil processing<\/b><\/span><\/h2>\n<p><span style=\"font-weight: 400; font-size: 12pt; font-family: arial, helvetica, sans-serif;\">In the context of the fiercely competitive cosmetics market, cooperating with a reputable outsourcing unit will help businesses focus on building their brand and sales strategy. Not only saving investment costs, outsourcing also brings many long-term values \u200b\u200bto the product development process. Below are the outstanding benefits:<\/span><\/p>\n<p><span style=\"font-weight: 400; font-size: 12pt; font-family: arial, helvetica, sans-serif;\">\u2705 Save costs on factory investment and production equipment<\/span><\/p>\n<p><span style=\"font-weight: 400; font-size: 12pt; font-family: arial, helvetica, sans-serif;\">\u2705 Shorten product launch time thanks to professional R&amp;D and production system<\/span><\/p>\n<p><span style=\"font-weight: 400; font-size: 12pt; font-family: arial, helvetica, sans-serif;\">\u2705 Customize formula and packaging according to brand orientation<\/span><\/p>\n<p><span style=\"font-weight: 400; font-size: 12pt; font-family: arial, helvetica, sans-serif;\">\u2705 \u0110\u1ea3m b\u1ea3o ch\u1ea5t l\u01b0\u1ee3ng s\u1ea3n ph\u1ea9m \u0111\u1ea1t chu\u1ea9n<\/span><\/p>\n<p><span style=\"font-weight: 400; font-size: 12pt; font-family: arial, helvetica, sans-serif;\">\u2705 Full legal documents: Announcement - Inspection - Registration<\/span><\/p>\n<p><span style=\"font-weight: 400; font-size: 12pt; font-family: arial, helvetica, sans-serif;\">\u2705 Flexible order quantity suitable for many business models<\/span><\/p>\n<h2><span style=\"font-size: 14pt;\"><b>3. Hair care oil processing at Shizencos<\/b><\/span><\/h2>\n<p><span style=\"font-size: 12pt;\"><span style=\"font-weight: 400;\">With many years of experience in the field of cosmetic processing, <\/span><b>Shizencos<\/b><span style=\"font-weight: 400;\"> is a trusted manufacturing partner for hundreds of cosmetic brands in Vietnam. Especially in the field of hair care oil, Shizencos stands out thanks to its modern production capacity, highly specialized team and comprehensive customer care service.<\/span><\/span><\/p>\n<h3><span style=\"font-size: 14pt;\"><b>3.1 Diverse hair care oil formulas<\/b><\/span><\/h3>\n<p><span style=\"font-weight: 400; font-size: 12pt;\">Shizencos owns a diverse collection of exclusive formulas for hair care oils from moisturizing, restoring, anti-hair loss to stimulating hair growth. All formulas can be adjusted according to requirements in terms of ingredients, scent, texture, suitable for each brand positioning:<\/span><\/p>\n<ul>\n<li style=\"font-weight: 400;\" aria-level=\"1\"><span style=\"font-weight: 400; font-size: 12pt;\">100% natural hair oil<\/span><\/li>\n<li style=\"font-weight: 400;\" aria-level=\"1\"><span style=\"font-weight: 400; font-size: 12pt;\">Anti-frizz, anti-frizz hair conditioner<\/span><\/li>\n<li style=\"font-weight: 400;\" aria-level=\"1\"><span style=\"font-weight: 400; font-size: 12pt;\">Hair conditioner for damaged hair, after curling\/dyeing<\/span><\/li>\n<li style=\"font-weight: 400;\" aria-level=\"1\"><span style=\"font-weight: 400; font-size: 12pt;\">Hair conditioner for smooth, non-greasy hair<\/span><\/li>\n<\/ul>\n<figure id=\"attachment_8600\" aria-describedby=\"caption-attachment-8600\" style=\"width: 800px\" class=\"wp-caption aligncenter\"><a href=\"https:\/\/shizencos.com\/wp-content\/uploads\/2024\/06\/nha-may-gia-cong-dau-duong-toc-tai-shizencos-co-ha-tang-hien-dai.png\"><img decoding=\"async\" class=\"size-full wp-image-8600\" src=\"https:\/\/shizencos.com\/wp-content\/uploads\/2024\/06\/nha-may-gia-cong-dau-duong-toc-tai-shizencos-co-ha-tang-hien-dai.png\" alt=\"Nh\u00e0 m\u00e1y gia c\u00f4ng d\u1ea7u d\u01b0\u1ee1ng t\u00f3c t\u1ea1i Shizencos c\u00f3 h\u1ea1 t\u1ea7ng hi\u1ec7n \u0111\u1ea1i\" width=\"800\" height=\"400\" title=\"\"><\/a><figcaption id=\"caption-attachment-8600\" class=\"wp-caption-text\">Shizencos hair care oil processing factory has modern infrastructure<\/figcaption><\/figure>\n<h3><span style=\"font-size: 14pt;\"><b>3.2 Quy tr\u00ecnh gia c\u00f4ng d\u1ea7u d\u01b0\u1ee1ng t\u00f3c t\u1ea1i Shizencos\u00a0<\/b><\/span><\/h3>\n<p><span style=\"font-weight: 400; font-size: 12pt; font-family: arial, helvetica, sans-serif;\">To ensure that each hair care product that reaches customers is of the highest quality, Shizencos applies a professional, clear and flexible processing process. Every step in the process is strictly controlled from the idea to the final product.<\/span><\/p>\n<p><span style=\"font-size: 12pt; font-family: arial, helvetica, sans-serif;\"><b>Step 1: <\/b><span style=\"font-weight: 400;\">Contact for consultation \u2013 Listen to requests and advise on appropriate formulas.<\/span><\/span><\/p>\n<p><span style=\"font-size: 12pt; font-family: arial, helvetica, sans-serif;\"><b>Step 2:<\/b><span style=\"font-weight: 400;\"> Research and Development \u2013 \u200b\u200bR&amp;D team researches and develops optimal formulas.<\/span><\/span><\/p>\n<p><span style=\"font-size: 12pt; font-family: arial, helvetica, sans-serif;\"><b>Step 3: <\/b><span style=\"font-weight: 400;\">Send samples and adjust \u2013 Provide samples, adjust based on feedback.<\/span><\/span><\/p>\n<p><span style=\"font-size: 12pt; font-family: arial, helvetica, sans-serif;\"><b>Step 4:<\/b><span style=\"font-weight: 400;\"> Finalize sample and quote \u2013 Confirm final formula, calculate cost<\/span><\/span><\/p>\n<p><span style=\"font-size: 12pt; font-family: arial, helvetica, sans-serif;\"><b>Step 5:<\/b><span style=\"font-weight: 400;\"> Signing contract and cooperation \u2013 Both parties agree and sign the processing contract.<\/span><\/span><\/p>\n<p><span style=\"font-size: 12pt; font-family: arial, helvetica, sans-serif;\"><b>Step 6: <\/b><span style=\"font-weight: 400;\">Prepare ingredients and stir the tank <\/span><span style=\"font-weight: 400;\">\u2013<\/span><span style=\"font-weight: 400;\"> \u2013 Import and check the quality of input materials.<\/span><\/span><\/p>\n<p><span style=\"font-size: 12pt; font-family: arial, helvetica, sans-serif;\"><b>Step 7:<\/b><span style=\"font-weight: 400;\"> Mass production \u2013 Put into production according to GMP standards.<\/span><\/span><\/p>\n<p><span style=\"font-size: 12pt; font-family: arial, helvetica, sans-serif;\"><b>Step 8: <\/b><span style=\"font-weight: 400;\">Product packaging \u2013 Filling, sealing, labeling according to design.<\/span><\/span><\/p>\n<p><span style=\"font-size: 12pt; font-family: arial, helvetica, sans-serif;\"><b>Step 9:<\/b><span style=\"font-weight: 400;\"> Delivery and post-production support \u2013 On-time delivery, legal support and business strategy.<\/span><\/span><\/p>\n<h2><span style=\"font-size: 14pt;\"><b>Conclude<\/b><\/span><\/h2>\n<p><span style=\"font-weight: 400; font-size: 12pt;\">Creating a quality hair care product with your own brand is no longer a distant dream when you join Shizencos. We are not just a processing factory, but a strategic friend, always listening, understanding and accompanying in every stage of product development.<\/span><\/p>\n<p><span style=\"font-weight: 400; font-size: 12pt;\">Let Shizencos help you realize your cosmetic brand vision, starting with a bottle of different and superior hair oil! Contact us now via message or call the hotline for detailed advice!<\/span><\/p>","protected":false},"excerpt":{"rendered":"<p><i><span style=\"font-weight: 400;\">Shizencos nh\u1eadn gia c\u00f4ng d\u1ea7u d\u01b0\u1ee1ng t\u00f3c chu\u1ea9n CGMP &#8211; C\u00f4ng th\u1ee9c \u0111\u1ed9c quy\u1ec1n, linh ho\u1ea1t s\u1ed1 l\u01b0\u1ee3ng ph\u00f9 h\u1ee3p c\u1ea3 startup v\u00e0 th\u01b0\u01a1ng hi\u1ec7u l\u1edbn. D\u1ecbch v\u1ee5 gia c\u00f4ng tr\u1ecdn g\u00f3i: R&amp;D nghi\u00ean c\u1ee9u &#8211; quy tr\u00ecnh s\u1ea3n xu\u1ea5t kh\u00e9p k\u00edn &#8211; thi\u1ebft k\u1ebf bao b\u00ec &#8211; \u0111\u00f3ng g\u00f3i &#8211; c\u00f4ng b\u1ed1 s\u1ea3n ph\u1ea9m.<\/span><\/i><\/p>","protected":false},"featured_media":11159,"comment_status":"open","ping_status":"closed","template":"","meta":[],"product_brand":[],"product_cat":[18],"product_tag":[],"class_list":{"0":"post-11102","1":"product","2":"type-product","3":"status-publish","4":"has-post-thumbnail","6":"product_cat-gia-cong-san-pham-cham-soc-toc","8":"first","9":"instock","10":"shipping-taxable","11":"product-type-simple"},"_links":{"self":[{"href":"https:\/\/shizencos.com\/en\/wp-json\/wp\/v2\/product\/11102","targetHints":{"allow":["GET"]}}],"collection":[{"href":"https:\/\/shizencos.com\/en\/wp-json\/wp\/v2\/product"}],"about":[{"href":"https:\/\/shizencos.com\/en\/wp-json\/wp\/v2\/types\/product"}],"replies":[{"embeddable":true,"href":"https:\/\/shizencos.com\/en\/wp-json\/wp\/v2\/comments?post=11102"}],"wp:featuredmedia":[{"embeddable":true,"href":"https:\/\/shizencos.com\/en\/wp-json\/wp\/v2\/media\/11159"}],"wp:attachment":[{"href":"https:\/\/shizencos.com\/en\/wp-json\/wp\/v2\/media?parent=11102"}],"wp:term":[{"taxonomy":"product_brand","embeddable":true,"href":"https:\/\/shizencos.com\/en\/wp-json\/wp\/v2\/product_brand?post=11102"},{"taxonomy":"product_cat","embeddable":true,"href":"https:\/\/shizencos.com\/en\/wp-json\/wp\/v2\/product_cat?post=11102"},{"taxonomy":"product_tag","embeddable":true,"href":"https:\/\/shizencos.com\/en\/wp-json\/wp\/v2\/product_tag?post=11102"}],"curies":[{"name":"wp","href":"https:\/\/api.w.org\/{rel}","templated":true}]}}