{"id":11098,"date":"2024-09-20T10:07:05","date_gmt":"2024-09-20T03:07:05","guid":{"rendered":"https:\/\/shizencos.com\/?post_type=product&#038;p=11098"},"modified":"2025-08-12T10:09:51","modified_gmt":"2025-08-12T03:09:51","slug":"gia-cong-sap-vuot-toc","status":"publish","type":"product","link":"https:\/\/shizencos.com\/en\/gia-cong-sap-vuot-toc\/","title":{"rendered":"Hair wax processing"},"content":{"rendered":"<p style=\"text-align: justify;\"><i><span style=\"font-weight: 400;\">Gia c\u00f4ng s\u00e1p vu\u1ed1t t\u00f3c theo y\u00eau c\u1ea7u t\u1ea1i Shizencos \u2013 D\u1ecbch v\u1ee5 s\u1ea3n xu\u1ea5t s\u00e1p vu\u1ed1t t\u00f3c ch\u1ea5t l\u01b0\u1ee3ng cao, bao g\u1ed3m c\u00f4ng th\u1ee9c \u0111\u1ed9c quy\u1ec1n, thi\u1ebft k\u1ebf bao b\u00ec mi\u1ec5n ph\u00ed v\u00e0 h\u1ed7 tr\u1ee3 ph\u00e1p l\u00fd. Nh\u00e0 m\u00e1y \u0111\u1ea1t chu\u1ea9n v\u1edbi d\u00e2y chuy\u1ec1n kh\u00e9p k\u00edn, chi ph\u00ed t\u1ed1i \u01b0u &#8211; linh ho\u1ea1t theo nhu c\u1ea7u, ph\u00f9 h\u1ee3p v\u1edbi c\u00e1c th\u01b0\u01a1ng hi\u1ec7u m\u1ef9 ph\u1ea9m, salon, barbershop, spa\u2026 mu\u1ed1n s\u1edf h\u1eefu d\u00f2ng s\u1ea3n ph\u1ea9m s\u00e1p vu\u1ed1t t\u00f3c mang t\u00ean ri\u00eang. T\u00ecm hi\u1ec3u ngay b\u00e0i vi\u1ebft b\u00ean d\u01b0\u1edbi \u0111\u1ec3 bi\u1ebft th\u00eam chi ti\u1ebft!<\/span><\/i><\/p>\n<h2 style=\"text-align: justify;\"><span style=\"font-size: 14pt;\"><b>1. What is hair wax processing?<\/b><\/span><\/h2>\n<p style=\"text-align: justify;\"><span style=\"font-size: 12pt;\"><b>Hair wax is <\/b><span style=\"font-weight: 400;\">Hair styling products are indispensable in the appearance care routine of modern men. With a thick texture, good hold and easy to adjust style, hair wax helps hair become neat, more personal and professional. Currently, on the market there are many types of wax such as wax, clay, pomade, ... suitable for each hair type and different usage needs.<\/span><\/span><\/p>\n<p style=\"text-align: justify;\"><span style=\"font-size: 12pt;\"><b>Hair wax processing is<\/b><span style=\"font-weight: 400;\"> Private label wax product manufacturing service, based on available formulas or developed according to partners' requirements. This service helps cosmetic brands, salons, spas, etc. quickly own quality products, with unique designs without having to invest in factories or production staff.<\/span><\/span><\/p>\n<figure id=\"attachment_8574\" aria-describedby=\"caption-attachment-8574\" style=\"width: 800px\" class=\"wp-caption aligncenter\"><a href=\"https:\/\/shizencos.com\/wp-content\/uploads\/2024\/06\/tong-quan-ve-dich-vu-gia-cong-sap-vuot-toc.png\"><img fetchpriority=\"high\" decoding=\"async\" class=\"size-full wp-image-8574\" src=\"https:\/\/shizencos.com\/wp-content\/uploads\/2024\/06\/tong-quan-ve-dich-vu-gia-cong-sap-vuot-toc.png\" alt=\"T\u1ed5ng quan v\u1ec1 d\u1ecbch v\u1ee5 gia c\u00f4ng s\u00e1p vu\u1ed1t t\u00f3c\" width=\"800\" height=\"400\" title=\"\"><\/a><figcaption id=\"caption-attachment-8574\" class=\"wp-caption-text\">Overview of hair wax processing service<\/figcaption><\/figure>\n<h2 style=\"text-align: justify;\"><span style=\"font-size: 14pt;\"><b>2. L\u1ee3i \u00edch c\u1ee7a vi\u1ec7c l\u1ef1a ch\u1ecdn gia c\u00f4ng s\u00e1p vu\u1ed1t t\u00f3c<\/b><\/span><\/h2>\n<p style=\"text-align: justify;\"><span style=\"font-weight: 400; font-size: 12pt;\">Choosing to manufacture hair wax is not only an economical and effective step for businesses, but also opens up opportunities for flexible product development, bearing a strong brand identity. This is the strategy that many cosmetic brands currently prioritize to stay ahead of trends and optimize resources.<\/span><\/p>\n<p style=\"text-align: justify;\"><span style=\"font-weight: 400; font-size: 12pt;\">With the increasing demand for beauty, building your own hair wax brand brings many competitive advantages. In particular, units such as hair salons, barbershops, spas, etc. want to own a hair wax product line with their own mark - both increasing brand recognition and creating more service value for customers. Instead of self-production, choosing outsourcing helps businesses:<\/span><\/p>\n<p style=\"text-align: justify;\"><span style=\"font-weight: 400; font-size: 12pt;\">\u2705 Save on operating costs and machinery investment<\/span><\/p>\n<p style=\"text-align: justify;\"><span style=\"font-weight: 400; font-size: 12pt;\">\u2705 Shorten time to market<\/span><\/p>\n<p style=\"text-align: justify;\"><span style=\"font-weight: 400; font-size: 12pt;\">\u2705 Take advantage of the expertise and experience of the outsourcing unit<\/span><\/p>\n<p style=\"text-align: justify;\"><span style=\"font-weight: 400; font-size: 12pt;\">\u2705 Freedom to create designs and formulas according to your own direction<\/span><\/p>\n<p style=\"text-align: justify;\"><span style=\"font-weight: 400; font-size: 12pt;\">\u2705 S\u1ea3n ph\u1ea9m \u0111\u1ea3m b\u1ea3o ch\u1ea5t l\u01b0\u1ee3ng \u0111\u1ea1t chu\u1ea9n<\/span><\/p>\n<p style=\"text-align: justify;\"><span style=\"font-weight: 400; font-size: 12pt;\">\u2705 Full support for legal documents, product declaration and quality inspection<\/span><\/p>\n<p style=\"text-align: justify;\"><span style=\"font-weight: 400; font-size: 12pt;\">\u2705 Supported in packaging design and branding<\/span><\/p>\n<h2 style=\"text-align: justify;\"><span style=\"font-size: 14pt;\"><b>3. Hair wax processing at Shizencos<\/b><\/span><\/h2>\n<p style=\"text-align: justify;\"><span style=\"font-weight: 400; font-size: 12pt;\">As one of the leading cosmetic processing units, Shizencos is proud to provide professional and flexible hair wax processing services and accompany the sustainable development of partner brands.<\/span><\/p>\n<figure id=\"attachment_8575\" aria-describedby=\"caption-attachment-8575\" style=\"width: 800px\" class=\"wp-caption aligncenter\"><a href=\"https:\/\/shizencos.com\/wp-content\/uploads\/2024\/06\/doi-tuong-gia-cong-sap-vuot-toc.png\"><img decoding=\"async\" class=\"size-full wp-image-8575\" src=\"https:\/\/shizencos.com\/wp-content\/uploads\/2024\/06\/doi-tuong-gia-cong-sap-vuot-toc.png\" alt=\"\u0110\u1ed1i t\u01b0\u1ee3ng gia c\u00f4ng s\u00e1p vu\u1ed1t t\u00f3c\" width=\"800\" height=\"400\" title=\"\"><\/a><figcaption id=\"caption-attachment-8575\" class=\"wp-caption-text\">Hair wax processing object<\/figcaption><\/figure>\n<h3 style=\"text-align: justify;\"><span style=\"font-size: 14pt;\"><b>3.1 Diverse hair wax formulas<\/b><\/span><\/h3>\n<p style=\"text-align: justify;\"><span style=\"font-weight: 400; font-size: 12pt;\">To meet the increasingly diverse market and strict requirements from consumers, Shizencos constantly expands and develops a diverse hair wax formula warehouse. From strong hold wax lines to natural products that are gentle on the scalp, Shizencos is always ready to accompany businesses to create products that are on trend and for the target market.<\/span><\/p>\n<ul style=\"text-align: justify;\">\n<li style=\"font-weight: 400;\" aria-level=\"1\"><span style=\"font-weight: 400; font-size: 12pt;\">High hold clay wax, natural matte finish<\/span><\/li>\n<li style=\"font-weight: 400;\" aria-level=\"1\"><span style=\"font-weight: 400; font-size: 12pt;\">Light or strong shine pomade for classic hairstyles<\/span><\/li>\n<li style=\"font-weight: 400;\" aria-level=\"1\"><span style=\"font-weight: 400; font-size: 12pt;\">Gentle cream wax, easy to wash off<\/span><\/li>\n<li style=\"font-weight: 400;\" aria-level=\"1\"><span style=\"font-weight: 400; font-size: 12pt;\">Flexible styling wax, suitable for thin hair<\/span><\/li>\n<\/ul>\n<p style=\"text-align: justify;\"><span style=\"font-weight: 400; font-size: 12pt;\">In particular, the R&amp;D team at Shizencos can adjust or develop exclusive formulas according to customers' wishes: scent, shine, hardness, natural ingredients, safety for the scalp, etc.<\/span><\/p>\n<h3 style=\"text-align: justify;\"><span style=\"font-size: 14pt;\"><b>3.2 Hair wax processing process at Shizencos\u00a0<\/b><\/span><\/h3>\n<p style=\"text-align: justify;\"><span style=\"font-weight: 400; font-size: 12pt; font-family: arial, helvetica, sans-serif;\">To ensure product quality and business efficiency for partners, Shizencos has built a clear and optimal processing process at each step. From the beginning of the idea until the finished product is launched to the market, customers will be accompanied and supported to the maximum by our team of experts.<\/span><\/p>\n<p style=\"text-align: justify;\"><span style=\"font-size: 12pt; font-family: arial, helvetica, sans-serif;\"><b>Step 1: <\/b><span style=\"font-weight: 400;\">Contact for consultation \u2013 Listen to requests and advise on appropriate formulas.<\/span><\/span><\/p>\n<p style=\"text-align: justify;\"><span style=\"font-size: 12pt; font-family: arial, helvetica, sans-serif;\"><b>Step 2:<\/b><span style=\"font-weight: 400;\"> Research and Development \u2013 \u200b\u200bR&amp;D team researches and develops optimal formulas.<\/span><\/span><\/p>\n<p style=\"text-align: justify;\"><span style=\"font-size: 12pt; font-family: arial, helvetica, sans-serif;\"><b>Step 3: <\/b><span style=\"font-weight: 400;\">Send samples and adjust \u2013 Provide samples, adjust based on feedback.<\/span><\/span><\/p>\n<p style=\"text-align: justify;\"><span style=\"font-size: 12pt; font-family: arial, helvetica, sans-serif;\"><b>Step 4:<\/b><span style=\"font-weight: 400;\"> Finalize sample and quote \u2013 Confirm final formula, calculate cost<\/span><\/span><\/p>\n<p style=\"text-align: justify;\"><span style=\"font-size: 12pt; font-family: arial, helvetica, sans-serif;\"><b>Step 5:<\/b><span style=\"font-weight: 400;\"> Signing contract and cooperation \u2013 Both parties agree and sign the processing contract.<\/span><\/span><\/p>\n<p style=\"text-align: justify;\"><span style=\"font-size: 12pt; font-family: arial, helvetica, sans-serif;\"><b>Step 6: <\/b><span style=\"font-weight: 400;\">Prepare ingredients and stir the tank <\/span><span style=\"font-weight: 400;\">\u2013<\/span><span style=\"font-weight: 400;\"> \u2013 Import and check the quality of input materials.<\/span><\/span><\/p>\n<p style=\"text-align: justify;\"><span style=\"font-size: 12pt; font-family: arial, helvetica, sans-serif;\"><b>Step 7:<\/b><span style=\"font-weight: 400;\"> Mass production \u2013 Put into production according to GMP standards.<\/span><\/span><\/p>\n<p style=\"text-align: justify;\"><span style=\"font-size: 12pt; font-family: arial, helvetica, sans-serif;\"><b>Step 8: <\/b><span style=\"font-weight: 400;\">Product packaging \u2013 Filling, sealing, labeling according to design.<\/span><\/span><\/p>\n<p style=\"text-align: justify;\"><span style=\"font-size: 12pt; font-family: arial, helvetica, sans-serif;\"><b>Step 9:<\/b><span style=\"font-weight: 400;\"> Delivery and post-production support \u2013 On-time delivery, legal support and business strategy.<\/span><\/span><\/p>\n<figure id=\"attachment_8576\" aria-describedby=\"caption-attachment-8576\" style=\"width: 800px\" class=\"wp-caption aligncenter\"><a href=\"https:\/\/shizencos.com\/wp-content\/uploads\/2024\/06\/ket-hop-gia-cong-sap-vuot-toc-cung-shizencos.png\"><img decoding=\"async\" class=\"size-full wp-image-8576\" src=\"https:\/\/shizencos.com\/wp-content\/uploads\/2024\/06\/ket-hop-gia-cong-sap-vuot-toc-cung-shizencos.png\" alt=\"K\u1ebft h\u1ee3p gia c\u00f4ng s\u00e1p vu\u1ed1t t\u00f3c c\u00f9ng Shizencos\" width=\"800\" height=\"400\" title=\"\"><\/a><figcaption id=\"caption-attachment-8576\" class=\"wp-caption-text\">Combine hair wax processing with Shizencos<\/figcaption><\/figure>\n<h2 style=\"text-align: justify;\"><span style=\"font-size: 14pt;\"><b>Conclude<\/b><\/span><\/h2>\n<p style=\"text-align: justify;\"><span style=\"font-weight: 400; font-size: 12pt;\">In a competitive and constantly changing beauty market, owning a hair wax product line with your own mark is a superior advantage for your brand. Shizencos - A reliable cosmetic processing partner will help you realize your ideas, elevate your brand and break through in the market.<\/span><\/p>\n<p style=\"text-align: justify;\"><span style=\"font-weight: 400; font-size: 12pt;\">Let Shizencos accompany you to create a unique hair wax product line with your name, exclusively for your customers. Contact us now for detailed advice and receive free test samples!<\/span><\/p>","protected":false},"excerpt":{"rendered":"<p>Gia c\u00f4ng s\u00e1p vu\u1ed1t t\u00f3c theo y\u00eau c\u1ea7u t\u1ea1i Shizencos \u2013 D\u1ecbch v\u1ee5 s\u1ea3n xu\u1ea5t s\u00e1p vu\u1ed1t t\u00f3c ch\u1ea5t l\u01b0\u1ee3ng cao, bao g\u1ed3m c\u00f4ng th\u1ee9c \u0111\u1ed9c quy\u1ec1n, thi\u1ebft k\u1ebf bao b\u00ec mi\u1ec5n ph\u00ed v\u00e0 h\u1ed7 tr\u1ee3 ph\u00e1p l\u00fd. Nh\u00e0 m\u00e1y \u0111\u1ea1t chu\u1ea9n v\u1edbi d\u00e2y chuy\u1ec1n kh\u00e9p k\u00edn, chi ph\u00ed t\u1ed1i \u01b0u &#8211; linh ho\u1ea1t theo [&hellip;]<\/p>\n","protected":false},"featured_media":11163,"comment_status":"open","ping_status":"closed","template":"","meta":[],"product_brand":[],"product_cat":[18],"product_tag":[],"class_list":{"0":"post-11098","1":"product","2":"type-product","3":"status-publish","4":"has-post-thumbnail","6":"product_cat-gia-cong-san-pham-cham-soc-toc","8":"first","9":"instock","10":"shipping-taxable","11":"product-type-simple"},"_links":{"self":[{"href":"https:\/\/shizencos.com\/en\/wp-json\/wp\/v2\/product\/11098","targetHints":{"allow":["GET"]}}],"collection":[{"href":"https:\/\/shizencos.com\/en\/wp-json\/wp\/v2\/product"}],"about":[{"href":"https:\/\/shizencos.com\/en\/wp-json\/wp\/v2\/types\/product"}],"replies":[{"embeddable":true,"href":"https:\/\/shizencos.com\/en\/wp-json\/wp\/v2\/comments?post=11098"}],"wp:featuredmedia":[{"embeddable":true,"href":"https:\/\/shizencos.com\/en\/wp-json\/wp\/v2\/media\/11163"}],"wp:attachment":[{"href":"https:\/\/shizencos.com\/en\/wp-json\/wp\/v2\/media?parent=11098"}],"wp:term":[{"taxonomy":"product_brand","embeddable":true,"href":"https:\/\/shizencos.com\/en\/wp-json\/wp\/v2\/product_brand?post=11098"},{"taxonomy":"product_cat","embeddable":true,"href":"https:\/\/shizencos.com\/en\/wp-json\/wp\/v2\/product_cat?post=11098"},{"taxonomy":"product_tag","embeddable":true,"href":"https:\/\/shizencos.com\/en\/wp-json\/wp\/v2\/product_tag?post=11098"}],"curies":[{"name":"wp","href":"https:\/\/api.w.org\/{rel}","templated":true}]}}