{"id":11091,"date":"2024-09-20T09:43:59","date_gmt":"2024-09-20T02:43:59","guid":{"rendered":"https:\/\/shizencos.com\/?post_type=product&#038;p=11091"},"modified":"2025-05-26T19:00:35","modified_gmt":"2025-05-26T12:00:35","slug":"gia-cong-dau-goi-kho","status":"publish","type":"product","link":"https:\/\/shizencos.com\/en\/gia-cong-dau-goi-kho\/","title":{"rendered":"Dry shampoo processing"},"content":{"rendered":"<p style=\"text-align: justify;\"><span style=\"font-size: 12pt; font-family: arial, helvetica, sans-serif;\"><i><span style=\"font-weight: 400;\">D\u1ecbch v\u1ee5 s\u1ea3n xu\u1ea5t d\u1ea7u g\u1ed9i kh\u00f4 tr\u1ecdn g\u00f3i t\u1ea1i Shizencos \u2013 nh\u00e0 m\u00e1y \u0111\u1ea1t chu\u1ea9n, t\u1ed1i \u01b0u chi ph\u00ed, nghi\u00ean c\u1ee9u c\u00f4ng th\u1ee9c \u0111\u1ed9c quy\u1ec1n, h\u1ed7 tr\u1ee3 thi\u1ebft k\u1ebf bao b\u00ec v\u00e0 c\u00e1c th\u1ee7 t\u1ee5c ph\u00e1p l\u00fd. Shizencos cung c\u1ea5p gi\u1ea3i ph\u00e1p ri\u00eang bi\u1ec7t ph\u00f9 h\u1ee3p v\u1edbi t\u1eebng th\u01b0\u01a1ng hi\u1ec7u, spa, hair salon,\u2026 gi\u00fap h\u1ecd n\u00e2ng cao v\u1ecb th\u1ebf c\u1ea1nh tranh, ch\u1ed7 \u0111\u1ee9ng trong l\u00f2ng kh\u00e1ch h\u00e0ng.\u00a0<\/span><\/i><\/span><\/p>\n<p style=\"text-align: justify;\"><span style=\"font-size: 12pt; font-family: arial, helvetica, sans-serif;\"><i><span style=\"font-weight: 400;\">The article below will help you understand the dry shampoo processing service, the benefits of cooperation and the professional production process at Shizencos!<\/span><\/i><\/span><\/p>\n<h2 style=\"text-align: justify;\"><span style=\"font-size: 14pt;\"><b>1. What is dry shampoo processing?<\/b><\/span><\/h2>\n<p style=\"text-align: justify;\"><span style=\"font-size: 12pt; font-family: arial, helvetica, sans-serif;\"><b>Dry shampoo is<\/b><span style=\"font-weight: 400;\"> modern hair care products, designed to clean the scalp and hair without using water, work by absorbing excess oil and dirt on the scalp. The product usually exists in powder or spray form, convenient to use anytime, especially suitable for busy people who are often on the go.\u00a0<\/span><\/span><\/p>\n<p style=\"text-align: justify;\"><span style=\"font-weight: 400; font-size: 12pt; font-family: arial, helvetica, sans-serif;\">Dry shampoo is especially useful in the following cases:<\/span><\/p>\n<ul style=\"text-align: justify;\">\n<li style=\"font-weight: 400;\" aria-level=\"1\"><span style=\"font-weight: 400; font-size: 12pt; font-family: arial, helvetica, sans-serif;\">When you need a quick hair clean without time for a traditional shampoo.<\/span><\/li>\n<li style=\"font-weight: 400;\" aria-level=\"1\"><span style=\"font-weight: 400; font-size: 12pt; font-family: arial, helvetica, sans-serif;\">Helps reduce greasy hair between washes.<\/span><\/li>\n<li style=\"font-weight: 400;\" aria-level=\"1\"><span style=\"font-weight: 400; font-size: 12pt; font-family: arial, helvetica, sans-serif;\">Creates volume for hair, making hair look thicker and more voluminous.<\/span><\/li>\n<li style=\"font-weight: 400;\" aria-level=\"1\"><span style=\"font-weight: 400; font-size: 12pt; font-family: arial, helvetica, sans-serif;\">Protects dyed hair color, reduces exposure to water and chemicals.<\/span><\/li>\n<\/ul>\n<p style=\"text-align: justify;\"><span style=\"font-size: 12pt; font-family: arial, helvetica, sans-serif;\"><b>Dry shampoo processing is<\/b><span style=\"font-weight: 400;\"> Dry shampoo production service according to the requirements of businesses, cosmetic brands or individual businesses. Instead of investing in factories and production lines themselves, businesses can cooperate with a reputable processing factory to develop their own products from formulas, packaging designs to necessary legal procedures.<\/span><\/span><\/p>\n<figure id=\"attachment_8550\" aria-describedby=\"caption-attachment-8550\" style=\"width: 800px\" class=\"wp-caption aligncenter\"><a href=\"https:\/\/shizencos.com\/wp-content\/uploads\/2024\/06\/gioi-thieu-so-ve-gia-cong-dau-goi-kho.png\"><img fetchpriority=\"high\" decoding=\"async\" class=\"size-full wp-image-8550\" src=\"https:\/\/shizencos.com\/wp-content\/uploads\/2024\/06\/gioi-thieu-so-ve-gia-cong-dau-goi-kho.png\" alt=\"Gi\u1edbi thi\u1ec7u s\u01a1 v\u1ec1 gia c\u00f4ng d\u1ea7u g\u1ed9i kh\u00f4\" width=\"800\" height=\"400\" title=\"\"><\/a><figcaption id=\"caption-attachment-8550\" class=\"wp-caption-text\">Introduction to shampoo processing<\/figcaption><\/figure>\n<h2 style=\"text-align: justify;\"><span style=\"font-size: 14pt;\"><b>2. Benefits of choosing dry shampoo manufacturing<\/b><\/span><\/h2>\n<p style=\"text-align: justify;\"><span style=\"font-weight: 400; font-family: arial, helvetica, sans-serif; font-size: 12pt;\">In an increasingly competitive cosmetics market, choosing a reliable manufacturing partner helps brands save resources while still ensuring product quality. Dry shampoo manufacturing not only expands the ability to develop a unique hair care product line, but also brings many practical values \u200b\u200bin terms of cost, time and production expertise.<\/span><\/p>\n<p style=\"text-align: justify;\"><span style=\"font-weight: 400; font-family: arial, helvetica, sans-serif; font-size: 12pt;\">\u2705 No need to invest in factories, equipment or production personnel<\/span><\/p>\n<p style=\"text-align: justify;\"><span style=\"font-weight: 400; font-family: arial, helvetica, sans-serif; font-size: 12pt;\">\u2705 Developed with exclusive formula, flexible according to needs<\/span><\/p>\n<p style=\"text-align: justify;\"><span style=\"font-weight: 400; font-family: arial, helvetica, sans-serif; font-size: 12pt;\">\u2705 S\u1ea3n ph\u1ea9m \u0111\u1ea3m b\u1ea3o ch\u1ea5t l\u01b0\u1ee3ng \u0111\u1ea1t chu\u1ea9n\u00a0<\/span><\/p>\n<p style=\"text-align: justify;\"><span style=\"font-weight: 400; font-family: arial, helvetica, sans-serif; font-size: 12pt;\">\u2705 Full support for legal documents, product declaration and quality inspection<\/span><\/p>\n<p style=\"text-align: justify;\"><span style=\"font-weight: 400; font-family: arial, helvetica, sans-serif; font-size: 12pt;\">\u2705 Supported in packaging design and branding<\/span><\/p>\n<h2 style=\"text-align: justify;\"><span style=\"font-family: arial, helvetica, sans-serif; font-size: 14pt;\"><b>3. Dry shampoo processing at Shizencos<\/b><\/span><\/h2>\n<p style=\"text-align: justify;\"><span style=\"font-weight: 400; font-family: arial, helvetica, sans-serif; font-size: 12pt;\">V\u1edbi l\u1ee3i th\u1ebf l\u00e0 d\u00e2y chuy\u1ec1n s\u1ea3n xu\u1ea5t hi\u1ec7n \u0111\u1ea1i v\u00e0 nhi\u1ec1u n\u0103m kinh nghi\u1ec7m phong ph\u00fa trong l\u0129nh v\u1ef1c gia c\u00f4ng m\u1ef9 ph\u1ea9m, Shizencos kh\u00f4ng ch\u1ec9 l\u00e0 \u0111\u1ed1i t\u00e1c s\u1ea3n xu\u1ea5t m\u00e0 c\u00f2n l\u00e0 ng\u01b0\u1eddi \u0111\u1ed3ng h\u00e0nh chi\u1ebfn l\u01b0\u1ee3c gi\u00fap hi\u1ec7n th\u1ef1c h\u00f3a \u00fd t\u01b0\u1edfng s\u1ea3n ph\u1ea9m d\u1ea7u g\u1ed9i kh\u00f4 c\u1ee7a c\u00e1c th\u01b0\u01a1ng hi\u1ec7u. D\u00f9 b\u1ea1n l\u00e0 doanh nghi\u1ec7p l\u1edbn hay th\u01b0\u01a1ng hi\u1ec7u kh\u1edfi nghi\u1ec7p, ch\u00fang t\u00f4i lu\u00f4n s\u1eb5n s\u00e0ng t\u01b0 v\u1ea5n v\u00e0 ph\u00e1t tri\u1ec3n c\u00f4ng th\u1ee9c ri\u00eang ph\u00f9 h\u1ee3p v\u1edbi th\u1ecb tr\u01b0\u1eddng m\u1ee5c ti\u00eau.<\/span><\/p>\n<figure id=\"attachment_8551\" aria-describedby=\"caption-attachment-8551\" style=\"width: 800px\" class=\"wp-caption aligncenter\"><a href=\"https:\/\/shizencos.com\/wp-content\/uploads\/2024\/06\/doi-tuong-dung-san-pham-dau-goi-kho.png\"><img decoding=\"async\" class=\"size-full wp-image-8551\" src=\"https:\/\/shizencos.com\/wp-content\/uploads\/2024\/06\/doi-tuong-dung-san-pham-dau-goi-kho.png\" alt=\"\u0110\u1ed1i t\u01b0\u1ee3ng d\u00f9ng s\u1ea3n ph\u1ea9m d\u1ea7u g\u1ed9i kh\u00f4\" width=\"800\" height=\"400\" title=\"\"><\/a><figcaption id=\"caption-attachment-8551\" class=\"wp-caption-text\">Who should use dry shampoo?<\/figcaption><\/figure>\n<h3 style=\"text-align: justify;\"><span style=\"font-size: 14pt;\"><b>3.1 Diverse dry shampoo formulas<\/b><\/span><\/h3>\n<p style=\"text-align: justify;\"><span style=\"font-weight: 400; font-size: 12pt;\">In order to meet the increasing and diverse needs of the market, Shizencos provides many different dry shampoo formulas, which have been carefully researched and tested. Customers can flexibly choose or combine creative ideas to create a product line that suits the brand orientation and consumer tastes.<\/span><\/p>\n<ul style=\"text-align: justify;\">\n<li style=\"font-weight: 400;\" aria-level=\"1\"><span style=\"font-size: 12pt;\"><b>Dry shampoo absorbs excess oil<\/b><span style=\"font-weight: 400;\">: For oily hair, helps clean quickly.<\/span><\/span><\/li>\n<li style=\"font-weight: 400;\" aria-level=\"1\"><span style=\"font-size: 12pt;\"><b>Dry shampoo for hair care<\/b><span style=\"font-weight: 400;\">: Contains nutrients to nourish healthy hair.<\/span><\/span><\/li>\n<li style=\"font-weight: 400;\" aria-level=\"1\"><span style=\"font-size: 12pt;\"><b>Dry shampoo creates volume<\/b><span style=\"font-weight: 400;\">: Helps hair become voluminous, suitable for thin hair.<\/span><\/span><\/li>\n<li style=\"font-weight: 400;\" aria-level=\"1\"><span style=\"font-size: 12pt;\"><b>Color Protecting Dry Shampoo<\/b><span style=\"font-weight: 400;\">: Contains ingredients to help keep hair color lasting.<\/span><\/span><\/li>\n<li style=\"font-weight: 400;\" aria-level=\"1\"><span style=\"font-size: 12pt;\"><b>Organic Dry Shampoo<\/b><span style=\"font-weight: 400;\">: Natural ingredients, safe for sensitive scalp.<\/span><\/span><\/li>\n<\/ul>\n<h3 style=\"text-align: justify;\"><span style=\"font-size: 14pt;\"><b>3.2 Dry shampoo manufacturing process at Shizencos\u00a0<\/b><\/span><\/h3>\n<p style=\"text-align: justify;\"><span style=\"font-weight: 400; font-size: 12pt; font-family: arial, helvetica, sans-serif;\">At Shizencos, the manufacturing process is not just about production, but also about accompanying customers from the idea stage to the finished product ready for launch. Each step is strictly controlled to ensure efficiency, creativity and international quality standards.<\/span><\/p>\n<p style=\"text-align: justify;\"><span style=\"font-size: 12pt; font-family: arial, helvetica, sans-serif;\"><b>Step 1: <\/b><span style=\"font-weight: 400;\">Contact for consultation \u2013 Listen to requests and advise on appropriate formulas.<\/span><\/span><\/p>\n<p style=\"text-align: justify;\"><span style=\"font-size: 12pt; font-family: arial, helvetica, sans-serif;\"><b>Step 2:<\/b><span style=\"font-weight: 400;\"> Research and Development \u2013 \u200b\u200bR&amp;D team researches and develops optimal formulas.<\/span><\/span><\/p>\n<p style=\"text-align: justify;\"><span style=\"font-size: 12pt; font-family: arial, helvetica, sans-serif;\"><b>Step 3: <\/b><span style=\"font-weight: 400;\">Send samples and adjust \u2013 Provide samples, adjust based on feedback.<\/span><\/span><\/p>\n<p style=\"text-align: justify;\"><span style=\"font-size: 12pt; font-family: arial, helvetica, sans-serif;\"><b>Step 4:<\/b><span style=\"font-weight: 400;\"> Finalize sample and quote \u2013 Confirm final formula, calculate cost<\/span><\/span><\/p>\n<p style=\"text-align: justify;\"><span style=\"font-size: 12pt; font-family: arial, helvetica, sans-serif;\"><b>Step 5:<\/b><span style=\"font-weight: 400;\"> Signing contract and cooperation \u2013 Both parties agree and sign the processing contract.<\/span><\/span><\/p>\n<p style=\"text-align: justify;\"><span style=\"font-size: 12pt; font-family: arial, helvetica, sans-serif;\"><b>Step 6: <\/b><span style=\"font-weight: 400;\">Prepare ingredients and stir the tank <\/span><span style=\"font-weight: 400;\">\u2013<\/span><span style=\"font-weight: 400;\"> \u2013 Import and check the quality of input materials.<\/span><\/span><\/p>\n<p style=\"text-align: justify;\"><span style=\"font-size: 12pt; font-family: arial, helvetica, sans-serif;\"><b>Step 7:<\/b><span style=\"font-weight: 400;\"> Mass production \u2013 Put into production according to GMP standards.<\/span><\/span><\/p>\n<p style=\"text-align: justify;\"><span style=\"font-size: 12pt; font-family: arial, helvetica, sans-serif;\"><b>Step 8: <\/b><span style=\"font-weight: 400;\">Product packaging \u2013 Filling, sealing, labeling according to design.<\/span><\/span><\/p>\n<p style=\"text-align: justify;\"><span style=\"font-size: 12pt; font-family: arial, helvetica, sans-serif;\"><b>Step 9:<\/b><span style=\"font-weight: 400;\"> Delivery and post-production support \u2013 On-time delivery, legal support and business strategy.<\/span><\/span><\/p>\n<figure id=\"attachment_8552\" aria-describedby=\"caption-attachment-8552\" style=\"width: 800px\" class=\"wp-caption aligncenter\"><a href=\"https:\/\/shizencos.com\/wp-content\/uploads\/2024\/06\/gia-cong-dau-goi-kho-cung-shizencos-dam-bao-ve-uy-tin.png\"><img decoding=\"async\" class=\"size-full wp-image-8552\" src=\"https:\/\/shizencos.com\/wp-content\/uploads\/2024\/06\/gia-cong-dau-goi-kho-cung-shizencos-dam-bao-ve-uy-tin.png\" alt=\"Gia c\u00f4ng d\u1ea7u g\u1ed9i kh\u00f4 c\u00f9ng Shizencos \u0111\u1ea3m b\u1ea3o v\u1ec1 uy t\u00edn\" width=\"800\" height=\"400\" title=\"\"><\/a><figcaption id=\"caption-attachment-8552\" class=\"wp-caption-text\">Dry shampoo processing with Shizencos ensures reputation<\/figcaption><\/figure>\n<h2 style=\"text-align: justify;\"><span style=\"font-size: 14pt; font-family: arial, helvetica, sans-serif;\"><b>Conclude<\/b><\/span><\/h2>\n<p style=\"text-align: justify;\"><span style=\"font-weight: 400; font-family: arial, helvetica, sans-serif; font-size: 12pt;\">V\u1edbi nhi\u1ec1u n\u0103m kinh nghi\u1ec7m trong ng\u00e0nh gia c\u00f4ng m\u1ef9 ph\u1ea9m, Shizencos cam k\u1ebft cung c\u1ea5p d\u1ecbch v\u1ee5 gia c\u00f4ng d\u1ea7u g\u1ed9i kh\u00f4 ch\u1ea5t l\u01b0\u1ee3ng cao, b\u1ea3o m\u1eadt c\u00f4ng th\u1ee9c. N\u1ebfu b\u1ea1n \u0111ang t\u00ecm ki\u1ebfm m\u1ed9t \u0111\u1ed1i t\u00e1c uy t\u00edn \u0111\u1ec3 ph\u00e1t tri\u1ec3n s\u1ea3n ph\u1ea9m d\u1ea7u g\u1ed9i kh\u00f4 mang th\u01b0\u01a1ng hi\u1ec7u ri\u00eang, h\u00e3y li\u00ean h\u1ec7 ngay v\u1edbi Shizencos \u0111\u1ec3 \u0111\u01b0\u1ee3c t\u01b0 v\u1ea5n chi ti\u1ebft v\u00e0 nh\u1eadn m\u1eabu th\u1eed mi\u1ec5n ph\u00ed!<\/span><\/p>","protected":false},"excerpt":{"rendered":"<p><i><span style=\"font-weight: 400;\">D\u1ecbch v\u1ee5 s\u1ea3n xu\u1ea5t d\u1ea7u g\u1ed9i kh\u00f4 tr\u1ecdn g\u00f3i t\u1ea1i Shizencos \u2013 nh\u00e0 m\u00e1y \u0111\u1ea1t chu\u1ea9n CGMP-ASEAN, gi\u00e1 g\u1ed1c kh\u00f4ng qua trung gian, nghi\u00ean c\u1ee9u c\u00f4ng th\u1ee9c \u0111\u1ed9c quy\u1ec1n, h\u1ed7 tr\u1ee3 thi\u1ebft k\u1ebf bao b\u00ec v\u00e0 c\u00e1c th\u1ee7 t\u1ee5c ph\u00e1p l\u00fd.<\/span><\/i><\/p>","protected":false},"featured_media":11164,"comment_status":"open","ping_status":"closed","template":"","meta":[],"product_brand":[],"product_cat":[18],"product_tag":[],"class_list":{"0":"post-11091","1":"product","2":"type-product","3":"status-publish","4":"has-post-thumbnail","6":"product_cat-gia-cong-san-pham-cham-soc-toc","8":"first","9":"instock","10":"shipping-taxable","11":"product-type-simple"},"_links":{"self":[{"href":"https:\/\/shizencos.com\/en\/wp-json\/wp\/v2\/product\/11091","targetHints":{"allow":["GET"]}}],"collection":[{"href":"https:\/\/shizencos.com\/en\/wp-json\/wp\/v2\/product"}],"about":[{"href":"https:\/\/shizencos.com\/en\/wp-json\/wp\/v2\/types\/product"}],"replies":[{"embeddable":true,"href":"https:\/\/shizencos.com\/en\/wp-json\/wp\/v2\/comments?post=11091"}],"wp:featuredmedia":[{"embeddable":true,"href":"https:\/\/shizencos.com\/en\/wp-json\/wp\/v2\/media\/11164"}],"wp:attachment":[{"href":"https:\/\/shizencos.com\/en\/wp-json\/wp\/v2\/media?parent=11091"}],"wp:term":[{"taxonomy":"product_brand","embeddable":true,"href":"https:\/\/shizencos.com\/en\/wp-json\/wp\/v2\/product_brand?post=11091"},{"taxonomy":"product_cat","embeddable":true,"href":"https:\/\/shizencos.com\/en\/wp-json\/wp\/v2\/product_cat?post=11091"},{"taxonomy":"product_tag","embeddable":true,"href":"https:\/\/shizencos.com\/en\/wp-json\/wp\/v2\/product_tag?post=11091"}],"curies":[{"name":"wp","href":"https:\/\/api.w.org\/{rel}","templated":true}]}}