{"id":8534,"date":"2024-06-27T09:01:10","date_gmt":"2024-06-27T02:01:10","guid":{"rendered":"https:\/\/shizencos.com\/?page_id=8534"},"modified":"2024-06-27T09:01:10","modified_gmt":"2024-06-27T02:01:10","slug":"gia-cong-my-pham-toc-tai-shizencos","status":"publish","type":"page","link":"https:\/\/shizencos.com\/en\/gia-cong-my-pham-toc-tai-shizencos\/","title":{"rendered":"Gia c\u00f4ng m\u1ef9 ph\u1ea9m t\u00f3c t\u1ea1i Shizencos v\u1edbi c\u00f4ng th\u1ee9c \u0111\u1ed9c quy\u1ec1n tr\u1ecdn g\u00f3i"},"content":{"rendered":"<p><span style=\"font-weight: 400;\">Gia c\u00f4ng m\u1ef9 ph\u1ea9m t\u00f3c hi\u1ec7n nay \u0111ang c\u00f3 xu h\u01b0\u1edbng ph\u00e1t tri\u1ec3n t\u01b0\u01a1ng \u0111\u1ed1i m\u1ea1nh trong nh\u1eefng n\u0103m tr\u1edf l\u1ea1i \u0111\u00e2y. Nhu c\u1ea7u v\u1ec1 gia c\u00f4ng m\u1ef9 ph\u1ea9m d\u00e0nh ri\u00eang cho t\u00f3c \u0111\u1ec3 ch\u0103m s\u00f3c ho\u1eb7c t\u1ea1o h\u00ecnh chuy\u00ean s\u00e2u d\u1ea7n \u0111\u01b0\u1ee3c nhi\u1ec1u \u0111\u01a1n v\u1ecb kinh doanh quan t\u00e2m.\u00a0<\/span><\/p>\n<p><span style=\"font-weight: 400;\">Khi th\u1ea5y \u0111\u01b0\u1ee3c s\u1ef1 quan tr\u1ecdng v\u00e0 gi\u00e1 tr\u1ecb c\u1ee7a nh\u1eefng d\u00f2ng m\u1ef9 ph\u1ea9m ch\u0103m s\u00f3c t\u00f3c, <a href=\"https:\/\/shizencos.com\/en\/\">Shizencos<\/a> \u0111\u1eb7c bi\u1ec7t g\u1eedi t\u1edbi d\u1ecbch v\u1ee5 gia c\u00f4ng m\u1ef9 ph\u1ea9m t\u00f3c tr\u1ecdn g\u00f3i. N\u01a1i \u0111\u00e2y gi\u00fap kh\u00e1ch h\u00e0ng c\u00f3 th\u1ec3 t\u1ef1 tin kinh doanh v\u00e0 ph\u00e1t tri\u1ec3n<\/span><span style=\"font-weight: 400;\">.<\/span><\/p>\n<h2><b>Gia c\u00f4ng m\u1ef9 ph\u1ea9m t\u00f3c l\u00e0 g\u00ec?<\/b><\/h2>\n<p><span style=\"font-weight: 400;\">Gia c\u00f4ng m\u1ef9 ph\u1ea9m t\u00f3c l\u00e0 m\u1ed9t kh\u00e2u ch\u1ebf bi\u1ebfn v\u00e0 gi\u00fap t\u1ea1o ra c\u00e1c s\u1ea3n ph\u1ea9m d\u00e0nh ri\u00eang cho m\u00e1i t\u00f3c. Nh\u1edd v\u00e0o vi\u1ec7c d\u00f9ng d\u1ecbch v\u1ee5 gia c\u00f4ng m\u1ef9 ph\u1ea9m t\u00f3c, kh\u00e1ch h\u00e0ng s\u1ebd c\u00f3 \u0111\u01b0\u1ee3c c\u00e1c s\u1ea3n ph\u1ea9m ch\u0103m s\u00f3c t\u00f3c \u0111\u00fang theo nh\u01b0 nh\u1eefng ti\u00eau ch\u00ed mong mu\u1ed1n.\u00a0<\/span><\/p>\n<p><span style=\"font-weight: 400;\">Besides famous or international brands, domestic hair care products are currently receiving a lot of attention from consumers. Typically, talking about the trend of organic hair beauty with a list of ingredients completely using natural ingredients to ensure benignity and safety.<\/span><\/p>\n<figure id=\"attachment_8535\" aria-describedby=\"caption-attachment-8535\" style=\"width: 800px\" class=\"wp-caption aligncenter\"><a href=\"https:\/\/shizencos.com\/wp-content\/uploads\/2024\/06\/giai-dap-ve-gia-cong-my-pham-toc.png\"><img fetchpriority=\"high\" decoding=\"async\" class=\"size-full wp-image-8535\" src=\"https:\/\/shizencos.com\/wp-content\/uploads\/2024\/06\/giai-dap-ve-gia-cong-my-pham-toc.png\" alt=\"Gi\u1ea3i \u0111\u00e1p v\u1ec1 gia c\u00f4ng m\u1ef9 ph\u1ea9m t\u00f3c\" width=\"800\" height=\"400\" title=\"\" srcset=\"https:\/\/shizencos.com\/wp-content\/uploads\/2024\/06\/giai-dap-ve-gia-cong-my-pham-toc.png 800w, https:\/\/shizencos.com\/wp-content\/uploads\/2024\/06\/giai-dap-ve-gia-cong-my-pham-toc-150x75.png 150w, https:\/\/shizencos.com\/wp-content\/uploads\/2024\/06\/giai-dap-ve-gia-cong-my-pham-toc-18x9.png 18w, https:\/\/shizencos.com\/wp-content\/uploads\/2024\/06\/giai-dap-ve-gia-cong-my-pham-toc-300x150.png 300w, https:\/\/shizencos.com\/wp-content\/uploads\/2024\/06\/giai-dap-ve-gia-cong-my-pham-toc-768x384.png 768w, https:\/\/shizencos.com\/wp-content\/uploads\/2024\/06\/giai-dap-ve-gia-cong-my-pham-toc-600x300.png 600w\" sizes=\"(max-width: 800px) 100vw, 800px\" \/><\/a><figcaption id=\"caption-attachment-8535\" class=\"wp-caption-text\">Gi\u1ea3i \u0111\u00e1p v\u1ec1 gia c\u00f4ng m\u1ef9 ph\u1ea9m t\u00f3c<\/figcaption><\/figure>\n<h2><b>C\u00e1c ti\u00eau ch\u00ed trong gia c\u00f4ng m\u1ef9 ph\u1ea9m t\u00f3c<\/b><\/h2>\n<p><span style=\"font-weight: 400;\">\u0110\u1ec3 s\u1ea3n xu\u1ea5t gia c\u00f4ng m\u1ef9 ph\u1ea9m t\u00f3c \u0111\u01b0a t\u1edbi th\u1ecb tr\u01b0\u1eddng, kh\u00e1ch h\u00e0ng bu\u1ed9c ph\u1ea3i \u0111\u00e1p \u1ee9ng nh\u1eefng y\u1ebfu t\u1ed1 k\u00e8m theo nh\u01b0 sau:<\/span><\/p>\n<ul>\n<li style=\"font-weight: 400;\" aria-level=\"1\"><span style=\"font-weight: 400;\">It is necessary to meet the correct standards, using only ingredients that have passed the tests.<\/span><\/li>\n<li style=\"font-weight: 400;\" aria-level=\"1\"><span style=\"font-weight: 400;\">Must have full labels, brand and clear origin.<\/span><\/li>\n<li style=\"font-weight: 400;\" aria-level=\"1\"><span style=\"font-weight: 400;\">Need to have a distinctive, attractive fragrance to attract customers to use.<\/span><\/li>\n<li style=\"font-weight: 400;\" aria-level=\"1\"><span style=\"font-weight: 400;\">Have exclusivity, must affirm personal mark to carry out marketing and business in the long term.<\/span><\/li>\n<\/ul>\n<p><span style=\"font-weight: 400;\">Based on your needs, the cosmetic processing unit needs to create the corresponding products. Moreover, if necessary, the unit will help shape the brand by designing packaging, producing cosmetic bottle models and creating a unique image for your business.<\/span><\/p>\n<p><span style=\"font-weight: 400;\">There are quite a few hair care products in our country that are trending and have been warmly welcomed by customers. Therefore, processing units such as Shizencos are considered as units that support you in creating the best hair care products, helping you make progress on the business path.<\/span><\/p>\n<h2><b>\u0110\u1ed1i t\u01b0\u1ee3ng n\u00e0o n\u00ean ch\u1ecdn l\u1ef1a gia c\u00f4ng m\u1ef9 ph\u1ea9m t\u00f3c?<\/b><\/h2>\n<figure id=\"attachment_8536\" aria-describedby=\"caption-attachment-8536\" style=\"width: 800px\" class=\"wp-caption aligncenter\"><a href=\"https:\/\/shizencos.com\/wp-content\/uploads\/2024\/06\/doi-tuong-su-dung-dich-vu-gia-cong-my-pham-toc.png\"><img decoding=\"async\" class=\"size-full wp-image-8536\" src=\"https:\/\/shizencos.com\/wp-content\/uploads\/2024\/06\/doi-tuong-su-dung-dich-vu-gia-cong-my-pham-toc.png\" alt=\"\u0110\u1ed1i t\u01b0\u1ee3ng s\u1eed d\u1ee5ng d\u1ecbch v\u1ee5 gia c\u00f4ng m\u1ef9 ph\u1ea9m t\u00f3c\" width=\"800\" height=\"400\" title=\"\"><\/a><figcaption id=\"caption-attachment-8536\" class=\"wp-caption-text\">\u0110\u1ed1i t\u01b0\u1ee3ng s\u1eed d\u1ee5ng d\u1ecbch v\u1ee5 gia c\u00f4ng m\u1ef9 ph\u1ea9m t\u00f3c<\/figcaption><\/figure>\n<p><span style=\"font-weight: 400;\">For hair cosmetics processing activities with the purpose of supporting and serving the following subjects:\u00a0<\/span><\/p>\n<ul>\n<li style=\"font-weight: 400;\" aria-level=\"1\"><span style=\"font-weight: 400;\">People who want to own their own cosmetic brand with exclusive products that have their own personal mark.<\/span><\/li>\n<li style=\"font-weight: 400;\" aria-level=\"1\"><span style=\"font-weight: 400;\">Business people in the field of hair cosmetics, spa owners, bosses, beauty salons, hair salons or makeup,...\u00a0<\/span><\/li>\n<li style=\"font-weight: 400;\" aria-level=\"1\"><span style=\"font-weight: 400;\">People who want to find a reputable and quality hair cosmetic processing unit that provides products at reasonable prices.<\/span><\/li>\n<\/ul>\n<h2><b>Shizencos \u2013 A reputable hair cosmetics processing company in the market<\/b><\/h2>\n<p><span style=\"font-weight: 400;\">You want to have your own hair care cosmetics brand but have not found a reputable unit with preferential prices? <a href=\"https:\/\/shizencos.com\/en\/\">Shizencos<\/a>\u2013 The famous cosmetic processing factory is an extremely reliable address for many cosmetic traders in the Vietnamese market.\u00a0<\/span><\/p>\n<p><span style=\"font-weight: 400;\">Currently, Shizencos Vietnam is committed to bringing customers the following benefits:<\/span><\/p>\n<ul>\n<li style=\"font-weight: 400;\" aria-level=\"1\"><span style=\"font-weight: 400;\">Providing hair care products that ensure quality, meeting organic, health-preserving or silicone-free trends. With safety, quality, high efficiency and no harm to hair.<\/span><\/li>\n<li style=\"font-weight: 400;\" aria-level=\"1\"><span style=\"font-weight: 400;\">Meets all the criteria for a hair care product, satisfying even the most demanding customers.<\/span><\/li>\n<li style=\"font-weight: 400;\" aria-level=\"1\"><span style=\"font-weight: 400;\">Combination with other ingredients based on customer requirements.<\/span><\/li>\n<li style=\"font-weight: 400;\" aria-level=\"1\"><span style=\"font-weight: 400;\">K\u1ebft h\u1ee3p v\u1edbi nhi\u1ec1u m\u00f9i h\u01b0\u01a1ng kh\u00e1c nhau gi\u00fap cho b\u1ea1n c\u00f3 th\u1ec3 ghi \u0111i\u1ec3m v\u00e0 \u0111\u1ec3 l\u1ea1i ngay \u1ea5n t\u01b0\u1ee3ng cho nh\u1eefng ng\u01b0\u1eddi ti\u00eau d\u00f9ng.<\/span><\/li>\n<li style=\"font-weight: 400;\" aria-level=\"1\"><span style=\"font-weight: 400;\">In particular, Shizencos also owns a complete set of effective scalp care and nourishment formulas to help you boost sales when selling in combo form.<\/span><\/li>\n<\/ul>\n<figure id=\"attachment_8537\" aria-describedby=\"caption-attachment-8537\" style=\"width: 800px\" class=\"wp-caption aligncenter\"><a href=\"https:\/\/shizencos.com\/wp-content\/uploads\/2024\/06\/dong-hanh-gia-cong-my-pham-toc-cung-shizencos.png\"><img decoding=\"async\" class=\"size-full wp-image-8537\" src=\"https:\/\/shizencos.com\/wp-content\/uploads\/2024\/06\/dong-hanh-gia-cong-my-pham-toc-cung-shizencos.png\" alt=\"\u0110\u1ed3ng h\u00e0nh gia c\u00f4ng m\u1ef9 ph\u1ea9m t\u00f3c c\u00f9ng Shizencos\" width=\"800\" height=\"400\" title=\"\"><\/a><figcaption id=\"caption-attachment-8537\" class=\"wp-caption-text\">\u0110\u1ed3ng h\u00e0nh gia c\u00f4ng m\u1ef9 ph\u1ea9m t\u00f3c c\u00f9ng Shizencos<\/figcaption><\/figure>\n<h2><b>Shizencos \u2013 Receive full processing of hair care products<\/b><\/h2>\n<p><span style=\"font-weight: 400;\">Shizencos is currently processing and manufacturing all hair care product lines to fully meet customer requirements. Specifically, hair product lines such as:<\/span><\/p>\n<h3><b>Processing shampoo<\/b><\/h3>\n<p><span style=\"font-weight: 400;\">The standard of shampoo products basically needs to ensure the following aspects: Cleanliness, resistance to all bacteria, protection of hair and healthy scalp. Shampoo can be completely created with many other special ingredients to help nourish, stimulate and moisturize hair.<\/span><\/p>\n<p><span style=\"font-weight: 400;\">Normally, shampoo processed at Shizencos will be a thick liquid solution. The color depends on the color of the raw materials used. The scent of the shampoo is light and not too strong.\u00a0<\/span><\/p>\n<p><span style=\"font-weight: 400;\">Shizencos processed shampoo products will often use natural ingredients such as: Aloe vera, Green tea, Soapberry extract, Hops, Grapefruit, Ginger, ... At the same time, they also contain nutrients that are good for hair such as: Reshine 124, PEG -7, Xylishine, Glycerin, Peptide, Zinc Chloride, Propanediol, Decyl Glucoside, Sodium Methyl, ... Especially the ingredients will not contain Silicone which causes heavy hair, easy to break and fall out.<\/span><\/p>\n<h3><b>Processing conditioner<\/b><\/h3>\n<p><span style=\"font-weight: 400;\">This is a product often used with shampoo so the team <a href=\"https:\/\/shizencos.com\/en\/lien-he\/\">customer care<\/a> At Shizencos, we usually advise people to choose to process two products to get the best efficiency.<\/span><\/p>\n<p><span style=\"font-weight: 400;\">Conditioner is usually processed in a thick form with the effect of making hair softer and shinier. The product will be used after each shampoo and does not create foam. Shizencos conditioner cream when processed will often use ingredients: Avocado, linseed oil, ... to help regenerate the cuticle and the surface structure of the hair to its natural state. From there, it helps the hair to recover from breakage, making it stronger from root to tip.<\/span><\/p>\n<figure id=\"attachment_8538\" aria-describedby=\"caption-attachment-8538\" style=\"width: 800px\" class=\"wp-caption aligncenter\"><a href=\"https:\/\/shizencos.com\/wp-content\/uploads\/2024\/06\/da-dang-cac-san-pham-ve-gia-cong-my-pham-toc.png\"><img loading=\"lazy\" decoding=\"async\" class=\"size-full wp-image-8538\" src=\"https:\/\/shizencos.com\/wp-content\/uploads\/2024\/06\/da-dang-cac-san-pham-ve-gia-cong-my-pham-toc.png\" alt=\"\u0110a d\u1ea1ng c\u00e1c s\u1ea3n ph\u1ea9m v\u1ec1 gia c\u00f4ng m\u1ef9 ph\u1ea9m t\u00f3c\" width=\"800\" height=\"400\" title=\"\" srcset=\"https:\/\/shizencos.com\/wp-content\/uploads\/2024\/06\/da-dang-cac-san-pham-ve-gia-cong-my-pham-toc.png 800w, https:\/\/shizencos.com\/wp-content\/uploads\/2024\/06\/da-dang-cac-san-pham-ve-gia-cong-my-pham-toc-150x75.png 150w, https:\/\/shizencos.com\/wp-content\/uploads\/2024\/06\/da-dang-cac-san-pham-ve-gia-cong-my-pham-toc-18x9.png 18w, https:\/\/shizencos.com\/wp-content\/uploads\/2024\/06\/da-dang-cac-san-pham-ve-gia-cong-my-pham-toc-300x150.png 300w, https:\/\/shizencos.com\/wp-content\/uploads\/2024\/06\/da-dang-cac-san-pham-ve-gia-cong-my-pham-toc-768x384.png 768w, https:\/\/shizencos.com\/wp-content\/uploads\/2024\/06\/da-dang-cac-san-pham-ve-gia-cong-my-pham-toc-600x300.png 600w\" sizes=\"(max-width: 800px) 100vw, 800px\" \/><\/a><figcaption id=\"caption-attachment-8538\" class=\"wp-caption-text\">\u0110a d\u1ea1ng c\u00e1c s\u1ea3n ph\u1ea9m v\u1ec1 gia c\u00f4ng m\u1ef9 ph\u1ea9m t\u00f3c<\/figcaption><\/figure>\n<h3><b>Processing hair serum<\/b><\/h3>\n<p><span style=\"font-weight: 400;\">Hair serum processing consists of condensed essences and is usually produced in small quantities for hair care. This product acts as a mask to protect hair, shielding hair from environmental impacts such as bacteria, dirt, etc.<\/span><\/p>\n<h3><b>Hair conditioner processing<\/b><\/h3>\n<p><span style=\"font-weight: 400;\">\u0110\u1ec3 gi\u00fap t\u00e1c \u0111\u1ed9ng s\u00e2u \u0111\u1ebfn v\u1ecb tr\u00ed l\u1edbp da \u0111\u1ea7u v\u00e0 khu v\u1ef1c bi\u1ec3u b\u00ec c\u1ee7a t\u00f3c, d\u1ea7u \u1ee7 t\u00f3c s\u1ebd gi\u00fap t\u0103ng th\u00eam \u0111\u1ed9 m\u1ec1m m\u01b0\u1ee3t, cung c\u1ea5p tr\u1ef1c ti\u1ebfp ch\u1ea5t dinh d\u01b0\u1ee1ng cho m\u00e1i t\u00f3c. Hi\u1ec7n nay, c\u00e1c d\u1ea7u \u1ee7 t\u00f3c tr\u00ean th\u1ecb tr\u01b0\u1eddng ng\u00e0y \u0111\u01b0\u1ee3c kh\u00e1ch h\u00e0ng t\u00ecm ki\u1ebfm quan t\u00e2m v\u00e0 mua s\u1eafm r\u1ea5t nhi\u1ec1u.<\/span><\/p>\n<h3><b>Gia c\u00f4ng t\u1ea9y t\u1ebf b\u00e0o ch\u1ebft da d\u1ea7u<\/b><\/h3>\n<p><span style=\"font-weight: 400;\">Exfoliating products will not only clean the hair but also help remove excess oil, making the hair follicles clean and stimulating hair growth faster. Exfoliating salt products at Shizencos currently contain ingredients such as: Mineral salts, glycerin, polyquaternium-10, ginger extract, tea tree oil... to help clean the hair follicles, relax the mind and make it more open.\u00a0<\/span><\/p>\n<h2><b>Conclude<\/b><\/h2>\n<p><span style=\"font-weight: 400;\">\u0110\u1ed1i v\u1edbi gia c\u00f4ng m\u1ef9 ph\u1ea9m t\u00f3c t\u1ea1i <a href=\"https:\/\/shizencos.com\/en\/\">Shizencos<\/a> is currently one of the areas that is growing and trusted by many partners. If you have any ideas or want to start your own business in the beauty industry. Call Shizencos now to receive detailed advice!<\/span><\/p>\n<p>&nbsp;<\/p>","protected":false},"excerpt":{"rendered":"<p>Gia c\u00f4ng m\u1ef9 ph\u1ea9m t\u00f3c hi\u1ec7n nay \u0111ang c\u00f3 xu h\u01b0\u1edbng ph\u00e1t tri\u1ec3n t\u01b0\u01a1ng \u0111\u1ed1i m\u1ea1nh trong nh\u1eefng n\u0103m tr\u1edf l\u1ea1i \u0111\u00e2y. Nhu c\u1ea7u v\u1ec1 gia c\u00f4ng m\u1ef9 ph\u1ea9m d\u00e0nh ri\u00eang cho t\u00f3c \u0111\u1ec3 ch\u0103m s\u00f3c ho\u1eb7c t\u1ea1o h\u00ecnh chuy\u00ean s\u00e2u d\u1ea7n \u0111\u01b0\u1ee3c nhi\u1ec1u \u0111\u01a1n v\u1ecb kinh doanh quan t\u00e2m.\u00a0 Khi th\u1ea5y \u0111\u01b0\u1ee3c s\u1ef1 quan [&hellip;]<\/p>\n","protected":false},"author":2,"featured_media":0,"parent":0,"menu_order":0,"comment_status":"closed","ping_status":"closed","template":"","meta":{"footnotes":""},"class_list":["post-8534","page","type-page","status-publish","hentry"],"_links":{"self":[{"href":"https:\/\/shizencos.com\/en\/wp-json\/wp\/v2\/pages\/8534","targetHints":{"allow":["GET"]}}],"collection":[{"href":"https:\/\/shizencos.com\/en\/wp-json\/wp\/v2\/pages"}],"about":[{"href":"https:\/\/shizencos.com\/en\/wp-json\/wp\/v2\/types\/page"}],"author":[{"embeddable":true,"href":"https:\/\/shizencos.com\/en\/wp-json\/wp\/v2\/users\/2"}],"replies":[{"embeddable":true,"href":"https:\/\/shizencos.com\/en\/wp-json\/wp\/v2\/comments?post=8534"}],"version-history":[{"count":0,"href":"https:\/\/shizencos.com\/en\/wp-json\/wp\/v2\/pages\/8534\/revisions"}],"wp:attachment":[{"href":"https:\/\/shizencos.com\/en\/wp-json\/wp\/v2\/media?parent=8534"}],"curies":[{"name":"wp","href":"https:\/\/api.w.org\/{rel}","templated":true}]}}