{"id":3701,"date":"2024-05-02T06:34:57","date_gmt":"2024-05-02T06:34:57","guid":{"rendered":"https:\/\/shizencos.com\/?page_id=3701"},"modified":"2024-05-04T01:39:38","modified_gmt":"2024-05-04T01:39:38","slug":"chinh-sach-bao-mat","status":"publish","type":"page","link":"https:\/\/shizencos.com\/en\/chinh-sach-bao-mat\/","title":{"rendered":"Ch\u00ednh s\u00e1ch b\u1ea3o m\u1eadt"},"content":{"rendered":"<p>\u0110\u1ed1i v\u1edbi Shizencos, s\u1ef1 ri\u00eang t\u01b0 c\u1ee7a kh\u00e1ch h\u00e0ng l\u00e0 \u0111i\u1ec1u v\u00f4 c\u00f9ng quan tr\u1ecdng. V\u00ec v\u1eady Shizencos ch\u1ec9 thu th\u1eadp nh\u1eefng th\u00f4ng tin c\u1ea7n thi\u1ebft c\u00f3 li\u00ean quan \u0111\u1ebfn giao d\u1ecbch gi\u1eefa ch\u00fang t\u00f4i v\u00e0 kh\u00e1ch h\u00e0ng. \u0110\u1ed3ng th\u1eddi, Shizencos c\u0169ng s\u1ebd ch\u1ec9 s\u1eed d\u1ee5ng t\u00ean v\u00e0 m\u1ed9t s\u1ed1 th\u00f4ng tin kh\u00e1c c\u1ee7a kh\u00e1ch h\u00e0ng trong ph\u1ea1m vi v\u00e0 m\u1ee5c \u0111\u00edch \u0111\u01b0\u1ee3c \u0111\u1ec1 ra trong Ch\u00ednh s\u00e1ch B\u1ea3o m\u1eadt th\u00f4ng tin n\u00e0y.<\/p>\n<p>Qu\u00fd kh\u00e1ch h\u00e0ng c\u00f3 th\u1ec3 truy c\u1eadp website https:\/\/shizencos.com\/ m\u00e0 kh\u00f4ng c\u1ea7n ph\u1ea3i cung c\u1ea5p b\u1ea5t k\u00ec th\u00f4ng tin c\u00e1 nh\u00e2n n\u00e0o tr\u1eeb khi qu\u00fd kh\u00e1ch t\u1ea1o t\u00e0i kho\u1ea3n tr\u00ean website v\u00e0 th\u1ef1c hi\u1ec7n thao t\u00e1c \u0111\u0103ng nh\u1eadp b\u1eb1ng th\u00f4ng tin \u0111\u00e3 \u0111\u0103ng k\u00fd. N\u1ebfu qu\u00fd kh\u00e1ch c\u00f3 \u00fd ki\u1ebfn \u0111\u00f3ng g\u00f3p, xin vui l\u00f2ng g\u1eedi email \u0111\u1ebfn <a href=\"\/en\/contact@shizencos.com\/\">contact@shizencos.com<\/a>, Shizencos lu\u00f4n s\u1eb5n s\u00e0ng l\u1eafng nghe nh\u1eefng nh\u1eadn x\u00e9t t\u1eeb qu\u00fd kh\u00e1ch.<\/p>\n<p><b>1. M\u1ee5c \u0111\u00edch thu th\u1eadp\u00a0c\u00e1 nh\u00e2n<\/b><\/p>\n<p>Shizencos kh\u00f4ng s\u1eed d\u1ee5ng th\u00f4ng tin c\u00e1 nh\u00e2n c\u1ee7a kh\u00e1ch h\u00e0ng thu th\u1eadp t\u1eeb website \u0111\u1ec3 b\u00e1n, chia s\u1ebb hay trao \u0111\u1ed5i cho m\u1ed9t b\u00ean th\u1ee9 ba n\u00e0o kh\u00e1c.<\/p>\n<p>Th\u00f4ng tin c\u00e1 nh\u00e2n c\u1ee7a kh\u00e1ch h\u00e0ng s\u1ebd ch\u1ec9 \u0111\u01b0\u1ee3c s\u1eed d\u1ee5ng trong n\u1ed9i b\u1ed9 c\u00f4ng ty v\u1edbi nh\u1eefng m\u1ee5c \u0111\u00edch \u0111\u01b0\u1ee3c \u0111\u1ec1 ra t\u1ea1i Ch\u00ednh s\u00e1ch B\u1ea3o m\u1eadt th\u00f4ng tin n\u00e0y.<\/p>\n<p><b>2. Ph\u1ea1m vi s\u1eed d\u1ee5ng th\u00f4ng tin c\u00e1 nh\u00e2n<\/b><\/p>\n<p>Khi qu\u00fd kh\u00e1ch t\u1ea1o t\u00e0i kho\u1ea3n t\u1ea1i website shizencos.com, th\u00f4ng tin c\u00e1 nh\u00e2n m\u00e0 ch\u00fang t\u00f4i c\u1ea7n thu th\u1eadp bao g\u1ed3m:<\/p>\n<p>&#8211; T\u00ean<br \/>\n&#8211; Email<br \/>\n&#8211; S\u1ed1 \u0111i\u1ec7n tho\u1ea1i<br \/>\n&#8211; \u0110\u1ecba ch\u1ec9<br \/>\n&#8211; \u0110\u1ecba ch\u1ec9 giao h\u00e0ng<\/p>\n<p>Nh\u1eefng th\u00f4ng tin tr\u00ean \u0111\u01b0\u1ee3c thu th\u1eadp nh\u1eb1m s\u1eed d\u1ee5ng cho m\u1ed9t ho\u1eb7c t\u1ea5t c\u1ea3 c\u00e1c m\u1ee5c \u0111\u00edch sau:<\/p>\n<p>&#8211; Giao h\u00e0ng qu\u00fd kh\u00e1ch \u0111\u00e3 \u0111\u1eb7t mua t\u1ea1i website shizencos.com<\/p>\n<p>&#8211; Th\u00f4ng b\u00e1o v\u1ec1 vi\u1ec7c giao h\u00e0ng v\u00e0 h\u1ed7 tr\u1ee3 kh\u00e1ch h\u00e0ng<\/p>\n<p>&#8211; Cung c\u1ea5p c\u00e1c th\u00f4ng tin li\u00ean quan \u0111\u1ebfn s\u1ea3n ph\u1ea9m t\u1ea1i shizencos.com<\/p>\n<p>&#8211;\u00a0X\u1eed l\u00fd \u0111\u01a1n \u0111\u1eb7t h\u00e0ng v\u00e0 cung c\u1ea5p d\u1ecbch v\u1ee5, th\u00f4ng tin qua website c\u1ee7a ch\u00fang t\u00f4i theo y\u00eau c\u1ea7u c\u1ee7a qu\u00fd kh\u00e1ch.<\/p>\n<p>Shizencos c\u00f3 th\u1ec3 cung c\u1ea5p t\u00ean, s\u1ed1 \u0111i\u1ec7n tho\u1ea1i v\u00e0 \u0111\u1ecba ch\u1ec9 c\u1ee7a kh\u00e1ch h\u00e0ng \u0111\u1ebfn d\u1ecbch v\u1ee5 v\u1eadn chuy\u1ec3n \u0111\u1ec3 ti\u1ebfn h\u00e0nh giao h\u00e0ng cho qu\u00fd kh\u00e1ch.<\/p>\n<p>Khi qu\u00fd kh\u00e1ch h\u00e0ng t\u1ea1o t\u00e0i kho\u1ea3n tr\u00ean website shizencos.com, ch\u00fang t\u00f4i s\u1ebd s\u1eed d\u1ee5ng th\u00f4ng tin c\u00e1 nh\u00e2n c\u1ee7a qu\u00fd kh\u00e1ch \u0111\u1ec3 g\u1eedi c\u00e1c th\u00f4ng tin ti\u1ebfp th\u1ecb. Kh\u00e1ch h\u00e0ng c\u00f3 th\u1ec3 t\u1eeb ch\u1ed1i nh\u1eadn c\u00e1c th\u00f4ng tin \u0111\u00f3 b\u1ea5t k\u1ef3 l\u00fac n\u00e0o b\u1eb1ng c\u00e1ch s\u1eed d\u1ee5ng ch\u1ee9c n\u0103ng h\u1ee7y \u0111\u0103ng k\u00fd trong c\u00e1c th\u00f4ng b\u00e1o qu\u1ea3ng c\u00e1o.<\/p>\n<p>Kh\u00e1ch h\u00e0ng c\u00f3 th\u1ec3 ki\u1ec3m tra th\u00f4ng tin \u0111\u01a1n h\u00e0ng b\u1eb1ng c\u00e1ch \u0111\u0103ng nh\u1eadp v\u00e0o t\u00e0i kho\u1ea3n ri\u00eang c\u1ee7a m\u00ecnh tr\u00ean website. T\u1ea1i \u0111\u00f3, qu\u00fd kh\u00e1ch c\u00f3 th\u1ec3 ki\u1ec3m tra v\u00e0 theo d\u00f5i \u0111\u1ea7y \u0111\u1ee7 c\u00e1c th\u00f4ng tin li\u00ean quan \u0111\u1ebfn \u0111\u01a1n h\u00e0ng \u0111\u00e3 ho\u00e0n t\u1ea5t, \u0111\u01a1n h\u00e0ng m\u1edf, \u0111\u01a1n h\u00e0ng s\u1eafp \u0111\u01b0\u1ee3c giao c\u0169ng nh\u01b0 qu\u1ea3n l\u00fd c\u00e1c th\u00f4ng tin c\u00e1 nh\u00e2n c\u1ee7a b\u1ea3n th\u00e2n. B\u00ean c\u1ea1nh \u0111\u00f3, qu\u00fd kh\u00e1ch c\u1ea7n \u0111\u1ea3m b\u1ea3o vi\u1ec7c cung c\u1ea5p th\u00f4ng tin ch\u00ednh x\u00e1c v\u00e0 truy c\u1eadp m\u1ed9t c\u00e1ch b\u00ed m\u1eadt, kh\u00f4ng ti\u1ebft l\u1ed9 cho b\u1ea5t k\u00ec b\u00ean th\u1ee9 ba n\u00e0o.<\/p>\n<p><b>3. Th\u1eddi gian l\u01b0u tr\u1eef th\u00f4ng tin<\/b><\/p>\n<p>D\u1eef li\u1ec7u c\u00e1 nh\u00e2n c\u1ee7a kh\u00e1ch h\u00e0ng s\u1ebd \u0111\u01b0\u1ee3c l\u01b0u tr\u1eef cho \u0111\u1ebfn khi c\u00f3 y\u00eau c\u1ea7u h\u1ee7y b\u1ecf ho\u1eb7c t\u1ef1 kh\u00e1ch h\u00e0ng \u0111\u0103ng nh\u1eadp v\u00e0 th\u1ef1c hi\u1ec7n h\u1ee7y b\u1ecf. C\u00f2n l\u1ea1i trong m\u1ecdi tr\u01b0\u1eddng h\u1ee3p th\u00f4ng tin c\u00e1 nh\u00e2n kh\u00e1ch h\u00e0ng s\u1ebd \u0111\u01b0\u1ee3c b\u1ea3o m\u1eadt tr\u00ean m\u00e1y ch\u1ee7 c\u1ee7a Shizencos.<\/p>\n<p><strong>4.\u00a0<\/strong><b><strong>Cam k\u1ebf<\/strong>t b\u1ea3o m\u1eadt th\u00f4ng tin c\u00e1 nh\u00e2n kh\u00e1ch h\u00e0ng<\/b><\/p>\n<p>Th\u00f4ng tin c\u00e1 nh\u00e2n c\u1ee7a kh\u00e1ch h\u00e0ng tr\u00ean website shizencos.com \u0111\u01b0\u1ee3c Shizencos cam k\u1ebft b\u1ea3o m\u1eadt tuy\u1ec7t \u0111\u1ed1i theo ch\u00ednh s\u00e1ch b\u1ea3o v\u1ec7 th\u00f4ng tin c\u00e1 nh\u00e2n c\u1ee7a Shizencos. Vi\u1ec7c thu th\u1eadp v\u00e0 s\u1eed d\u1ee5ng th\u00f4ng tin c\u1ee7a m\u1ed7i kh\u00e1ch h\u00e0ng ch\u1ec9 \u0111\u01b0\u1ee3c th\u1ef1c hi\u1ec7n khi c\u00f3 s\u1ef1 \u0111\u1ed3ng \u00fd c\u1ee7a kh\u00e1ch h\u00e0ng \u0111\u00f3, tr\u1eeb nh\u1eefng tr\u01b0\u1eddng h\u1ee3p ph\u00e1p lu\u1eadt c\u00f3 quy \u0111\u1ecbnh kh\u00e1c. Shizencos cam k\u1ebft:<\/p>\n<p>&#8211;\u00a0Kh\u00f4ng s\u1eed d\u1ee5ng, kh\u00f4ng chuy\u1ec3n giao, cung c\u1ea5p hay ti\u1ebft l\u1ed9 cho b\u00ean th\u1ee9 ba n\u00e0o v\u1ec1 th\u00f4ng tin c\u00e1 nh\u00e2n c\u1ee7a kh\u00e1ch h\u00e0ng khi kh\u00f4ng c\u00f3 s\u1ef1 cho ph\u00e9p ho\u1eb7c \u0111\u1ed3ng \u00fd t\u1eeb kh\u00e1ch h\u00e0ng, tr\u1eeb nh\u1eefng tr\u01b0\u1eddng h\u1ee3p ph\u00e1p lu\u1eadt c\u00f3 quy \u0111\u1ecbnh kh\u00e1c.<\/p>\n<p>&#8211; Trong tr\u01b0\u1eddng h\u1ee3p m\u00e1y ch\u1ee7 l\u01b0u tr\u1eef th\u00f4ng tin b\u1ecb hacker t\u1ea5n c\u00f4ng d\u1eabn \u0111\u1ebfn m\u1ea5t m\u00e1t d\u1eef li\u1ec7u c\u00e1 nh\u00e2n kh\u00e1ch h\u00e0ng, Shizencos s\u1ebd c\u00f3 tr\u00e1ch nhi\u1ec7m th\u00f4ng b\u00e1o v\u1ee5 vi\u1ec7c cho c\u01a1 quan ch\u1ee9c n\u0103ng \u0111i\u1ec1u tra x\u1eed l\u00fd k\u1ecbp th\u1eddi v\u00e0 th\u00f4ng b\u00e1o cho kh\u00e1ch h\u00e0ng \u0111\u01b0\u1ee3c bi\u1ebft.<\/p>\n<p>&#8211; B\u1ea3o m\u1eadt tuy\u1ec7t \u0111\u1ed1i m\u1ecdi th\u00f4ng tin giao d\u1ecbch tr\u1ef1c tuy\u1ebfn c\u1ee7a kh\u00e1ch h\u00e0ng t\u1ea1i website shizencos.com.<\/p>\n<p><strong>5.\u00a0<\/strong><b><strong>Thay \u0111<\/strong>\u1ed5i c\u1ee7a Ch\u00ednh s\u00e1ch B\u1ea3o m\u1eadt th\u00f4ng tin<\/b><\/p>\n<p>Shizencos c\u00f3 quy\u1ec1n thay \u0111\u1ed5i v\u00e0 ch\u1ec9nh s\u1eeda Ch\u00ednh s\u00e1ch B\u1ea3o m\u1eadt th\u00f4ng tin v\u00e0o b\u1ea5t k\u1ef3 l\u00fac n\u00e0o. \u0110\u1ed3ng th\u1eddi, b\u1ea5t c\u1ee9 thay \u0111\u1ed5i n\u00e0o v\u1ec1 ch\u00ednh s\u00e1ch n\u00e0y \u0111\u1ec1u \u0111\u01b0\u1ee3c \u0111\u0103ng t\u1ea3i tr\u00ean website shizencos.com.<\/p>","protected":false},"excerpt":{"rendered":"<p>\u0110\u1ed1i v\u1edbi Shizencos, s\u1ef1 ri\u00eang t\u01b0 c\u1ee7a kh\u00e1ch h\u00e0ng l\u00e0 \u0111i\u1ec1u v\u00f4 c\u00f9ng quan tr\u1ecdng. V\u00ec v\u1eady Shizencos ch\u1ec9 thu th\u1eadp nh\u1eefng th\u00f4ng tin c\u1ea7n thi\u1ebft c\u00f3 li\u00ean quan \u0111\u1ebfn giao d\u1ecbch gi\u1eefa ch\u00fang t\u00f4i v\u00e0 kh\u00e1ch h\u00e0ng. \u0110\u1ed3ng th\u1eddi, Shizencos c\u0169ng s\u1ebd ch\u1ec9 s\u1eed d\u1ee5ng t\u00ean v\u00e0 m\u1ed9t s\u1ed1 th\u00f4ng tin kh\u00e1c c\u1ee7a kh\u00e1ch [&hellip;]<\/p>\n","protected":false},"author":2,"featured_media":3294,"parent":0,"menu_order":0,"comment_status":"closed","ping_status":"closed","template":"","meta":{"footnotes":""},"class_list":["post-3701","page","type-page","status-publish","has-post-thumbnail","hentry"],"_links":{"self":[{"href":"https:\/\/shizencos.com\/en\/wp-json\/wp\/v2\/pages\/3701","targetHints":{"allow":["GET"]}}],"collection":[{"href":"https:\/\/shizencos.com\/en\/wp-json\/wp\/v2\/pages"}],"about":[{"href":"https:\/\/shizencos.com\/en\/wp-json\/wp\/v2\/types\/page"}],"author":[{"embeddable":true,"href":"https:\/\/shizencos.com\/en\/wp-json\/wp\/v2\/users\/2"}],"replies":[{"embeddable":true,"href":"https:\/\/shizencos.com\/en\/wp-json\/wp\/v2\/comments?post=3701"}],"version-history":[{"count":0,"href":"https:\/\/shizencos.com\/en\/wp-json\/wp\/v2\/pages\/3701\/revisions"}],"wp:featuredmedia":[{"embeddable":true,"href":"https:\/\/shizencos.com\/en\/wp-json\/wp\/v2\/media\/3294"}],"wp:attachment":[{"href":"https:\/\/shizencos.com\/en\/wp-json\/wp\/v2\/media?parent=3701"}],"curies":[{"name":"wp","href":"https:\/\/api.w.org\/{rel}","templated":true}]}}