{"id":3699,"date":"2024-05-02T06:28:44","date_gmt":"2024-05-02T06:28:44","guid":{"rendered":"https:\/\/shizencos.com\/?page_id=3699"},"modified":"2025-07-25T10:36:03","modified_gmt":"2025-07-25T03:36:03","slug":"bao-hanh-va-doi-tra","status":"publish","type":"page","link":"https:\/\/shizencos.com\/en\/bao-hanh-va-doi-tra\/","title":{"rendered":"Warranty and returns"},"content":{"rendered":"<p>Shizencos \u2013 Nh\u00e0 m\u00e1y gia c\u00f4ng m\u1ef9 ph\u1ea9m lu\u00f4n \u0111\u1eb7t quy\u1ec1n l\u1ee3i kh\u00e1ch h\u00e0ng l\u00ean h\u00e0ng \u0111\u1ea7u. Khi tr\u1edf th\u00e0nh \u0111\u1ed1i t\u00e1c c\u1ee7a ch\u00fang t\u00f4i, b\u1ea1n kh\u00f4ng ch\u1ec9 nh\u1eadn \u0111\u01b0\u1ee3c s\u1ea3n ph\u1ea9m ch\u1ea5t l\u01b0\u1ee3ng cao m\u00e0 c\u00f2n \u0111\u01b0\u1ee3c h\u01b0\u1edfng c\u00e1c ch\u00ednh s\u00e1ch h\u1eadu m\u00e3i t\u1eadn t\u00e2m, minh b\u1ea1ch v\u00e0 r\u00f5 r\u00e0ng.<\/p>\n<p><a href=\"https:\/\/shizencos.com\/wp-content\/uploads\/2025\/05\/bia-web-1-optimized.webp\"><img fetchpriority=\"high\" decoding=\"async\" class=\"size-full wp-image-12555\" src=\"https:\/\/shizencos.com\/wp-content\/uploads\/2025\/05\/bia-web-1-optimized.webp\" alt=\"Shizencos\" width=\"1537\" height=\"598\" title=\"\" srcset=\"https:\/\/shizencos.com\/wp-content\/uploads\/2025\/05\/bia-web-1-optimized.webp 1537w, https:\/\/shizencos.com\/wp-content\/uploads\/2025\/05\/bia-web-1-optimized-300x117.webp 300w, https:\/\/shizencos.com\/wp-content\/uploads\/2025\/05\/bia-web-1-optimized-1024x398.webp 1024w, https:\/\/shizencos.com\/wp-content\/uploads\/2025\/05\/bia-web-1-optimized-150x58.webp 150w, https:\/\/shizencos.com\/wp-content\/uploads\/2025\/05\/bia-web-1-optimized-768x299.webp 768w, https:\/\/shizencos.com\/wp-content\/uploads\/2025\/05\/bia-web-1-optimized-18x7.webp 18w, https:\/\/shizencos.com\/wp-content\/uploads\/2025\/05\/bia-web-1-optimized-600x233.webp 600w\" sizes=\"(max-width: 1537px) 100vw, 1537px\" \/><\/a><\/p>\n<h2>Quy\u1ec1n l\u1ee3i \u0111\u1eb7c bi\u1ec7t d\u00e0nh cho \u0111\u1ed1i t\u00e1c c\u1ee7a Shizencos<\/h2>\n<p>Khi h\u1ee3p t\u00e1c c\u00f9ng ch\u00fang t\u00f4i \u2013 Nh\u00e0 m\u00e1y gia c\u00f4ng m\u1ef9 ph\u1ea9m chuy\u00ean nghi\u1ec7p, b\u1ea1n s\u1ebd \u0111\u01b0\u1ee3c:<\/p>\n<p>&#8211; H\u1ed7 tr\u1ee3 h\u1eadu m\u00e3i chu \u0111\u00e1o v\u1edbi c\u00e1c ch\u00ednh s\u00e1ch linh ho\u1ea1t v\u00e0 minh b\u1ea1ch.<\/p>\n<p>&#8211; Tham gia c\u00e1c ch\u01b0\u01a1ng tr\u00ecnh khuy\u1ebfn m\u00e3i h\u1ea5p d\u1eabn theo t\u1eebng m\u00f9a ho\u1eb7c theo s\u1ed1 l\u01b0\u1ee3ng \u0111\u1eb7t h\u00e0ng.<\/p>\n<p>&#8211; \u0110\u1ed9i ng\u0169 nh\u00e2n vi\u00ean t\u01b0 v\u1ea5n t\u1eadn t\u00ecnh, lu\u00f4n \u0111\u1ed3ng h\u00e0nh c\u00f9ng b\u1ea1n tr\u01b0\u1edbc \u2013 trong \u2013 sau khi s\u1ea3n xu\u1ea5t.<\/p>\n<p>Ngay c\u1ea3 trong nh\u1eefng t\u00ecnh hu\u1ed1ng ph\u00e1t sinh nh\u01b0 \u0111\u1ed5i tr\u1ea3 h\u00e0ng, b\u1ea3o h\u00e0nh s\u1ea3n ph\u1ea9m, ch\u00fang t\u00f4i\u00a0lu\u00f4n s\u1eb5n s\u00e0ng h\u1ed7 tr\u1ee3 kh\u00e1ch h\u00e0ng m\u1ed9t c\u00e1ch nhanh ch\u00f3ng v\u00e0 tr\u00e1ch nhi\u1ec7m.<\/p>\n<h2>Nh\u1eefng tr\u01b0\u1eddng h\u1ee3p Shizencos kh\u00f4ng h\u1ed7 tr\u1ee3 \u0111\u1ed5i\/tr\u1ea3 h\u00e0ng<\/h2>\n<p>\u0110\u1ec3 \u0111\u1ea3m b\u1ea3o ch\u1ea5t l\u01b0\u1ee3ng d\u1ecbch v\u1ee5 v\u00e0 s\u1ef1 minh b\u1ea1ch, ch\u00fang t\u00f4i\u00a0xin ph\u00e9p kh\u00f4ng ti\u1ebfp nh\u1eadn x\u1eed l\u00fd c\u00e1c tr\u01b0\u1eddng h\u1ee3p d\u01b0\u1edbi \u0111\u00e2y:<\/p>\n<h3>1. S\u1ea3n ph\u1ea9m qu\u00e1 h\u1ea1n s\u1eed d\u1ee5ng<\/h3>\n<p>T\u1ea5t c\u1ea3 s\u1ea3n ph\u1ea9m \u0111\u01b0\u1ee3c gia c\u00f4ng t\u1ea1i Shizencos \u2013 Nh\u00e0 m\u00e1y gia c\u00f4ng m\u1ef9 ph\u1ea9m uy t\u00edn \u0111\u1ec1u \u0111\u01b0\u1ee3c s\u1ea3n xu\u1ea5t theo \u0111\u01a1n \u0111\u1eb7t h\u00e0ng ri\u00eang bi\u1ec7t v\u00e0 ki\u1ec3m nghi\u1ec7m \u0111\u1ea7y \u0111\u1ee7 t\u1eeb B\u1ed9 Y T\u1ebf.<br \/>\n\ud83d\udc49 V\u00ec v\u1eady, m\u1ecdi y\u00eau c\u1ea7u \u0111\u1ed5i\/tr\u1ea3 do h\u1ebft h\u1ea1n s\u1eed d\u1ee5ng s\u1ebd kh\u00f4ng \u0111\u01b0\u1ee3c ch\u1ea5p nh\u1eadn.<\/p>\n<h3>2. B\u1ea3o qu\u1ea3n s\u1ea3n ph\u1ea9m sai quy \u0111\u1ecbnh<\/h3>\n<p>S\u1ea3n ph\u1ea9m c\u1ee7a ch\u00fang t\u00f4i\u00a0\u0111\u01b0\u1ee3c \u0111\u00f3ng g\u00f3i v\u00e0 v\u1eadn chuy\u1ec3n theo quy tr\u00ecnh v\u00f4 tr\u00f9ng, b\u1ea3o qu\u1ea3n t\u1ea1i n\u01a1i c\u00f3 nhi\u1ec7t \u0111\u1ed9 ph\u00f9 h\u1ee3p.<br \/>\n\u26a0\ufe0f N\u1ebfu kh\u00e1ch h\u00e0ng b\u1ea3o qu\u1ea3n sai c\u00e1ch (nh\u01b0 \u0111\u1ec3 n\u01a1i \u1ea9m th\u1ea5p, nhi\u1ec7t \u0111\u1ed9 cao, \u00e1nh n\u1eafng tr\u1ef1c ti\u1ebfp&#8230;), khi\u1ebfn s\u1ea3n ph\u1ea9m b\u1ecb h\u01b0 h\u1ecfng, ch\u00fang t\u00f4i\u00a0xin ph\u00e9p t\u1eeb ch\u1ed1i x\u1eed l\u00fd \u0111\u1ed5i\/tr\u1ea3.<\/p>\n<h3>3. S\u1ea3n ph\u1ea9m kh\u00f4ng do Shizencos gia c\u00f4ng<\/h3>\n<p>T\u1ea5t c\u1ea3 c\u00e1c s\u1ea3n ph\u1ea9m do ch\u00fang t\u00f4i\u00f4i\u00a0s\u1ea3n xu\u1ea5t \u0111\u1ec1u c\u00f3 m\u00e3 v\u1ea1ch v\u00e0 \u0111\u00e1nh d\u1ea5u nh\u1eadn di\u1ec7n ri\u00eang.<br \/>\n\u2705 Trong tr\u01b0\u1eddng h\u1ee3p kh\u00e1ch h\u00e0ng y\u00eau c\u1ea7u \u0111\u1ed5i tr\u1ea3 nh\u01b0ng m\u00e3 code kh\u00f4ng thu\u1ed9c h\u1ec7 th\u1ed1ng s\u1ea3n xu\u1ea5t, ch\u00fang t\u00f4i kh\u00f4ng c\u00f3 tr\u00e1ch nhi\u1ec7m x\u1eed l\u00fd.<\/p>\n<h2>L\u1eddi cam k\u1ebft t\u1eeb Shizencos \u2013 Nh\u00e0 m\u00e1y gia c\u00f4ng m\u1ef9 ph\u1ea9m h\u00e0ng \u0111\u1ea7u Vi\u1ec7t Nam<\/h2>\n<p>V\u1edbi quy tr\u00ecnh s\u1ea3n xu\u1ea5t \u0111\u1ea1t chu\u1ea9n ISO &#8211; GMP, \u0111\u1ed9i ng\u0169 gi\u00e0u kinh nghi\u1ec7m v\u00e0 ch\u00ednh s\u00e1ch ch\u0103m s\u00f3c kh\u00e1ch h\u00e0ng t\u1eadn t\u00e2m, ch\u00fang t\u00f4i\u00a0cam k\u1ebft l\u00e0 \u0111\u1ed1i t\u00e1c tin c\u1eady c\u1ee7a m\u1ecdi th\u01b0\u01a1ng hi\u1ec7u m\u1ef9 ph\u1ea9m tr\u00ean th\u1ecb tr\u01b0\u1eddng.<br \/>\n\ud83d\udc49 \u0110\u1ec3 t\u00ecm hi\u1ec3u th\u00eam v\u1ec1 d\u1ecbch v\u1ee5 v\u00e0 ch\u00ednh s\u00e1ch h\u1ee3p t\u00e1c, m\u1eddi b\u1ea1n truy c\u1eadp:\u00a0<a href=\"https:\/\/shizencos.com\/en\/\">https:\/\/shizencos.com\/<\/a><\/p>\n<h2>Xem th\u00eam:<\/h2>\n<p>&#8211; D\u1ecbch v\u1ee5 gia c\u00f4ng m\u1ef9 ph\u1ea9m \u0111\u1ed9c quy\u1ec1n t\u1ea1i Shizencos:\u00a0<a href=\"https:\/\/shizencos.com\/en\/dich-vu\/gia-cong-my-pham-shizencos\/\">https:\/\/shizencos.com\/dich-vu\/gia-cong-my-pham-shizencos\/<\/a><\/p>\n<p>&#8211; B\u00ed quy\u1ebft x\u00e2y d\u1ef1ng th\u01b0\u01a1ng hi\u1ec7u m\u1ef9 ph\u1ea9m c\u00e1 nh\u00e2n:\u00a0<a href=\"https:\/\/shizencos.com\/en\/blog\/\">https:\/\/shizencos.com\/blog\/<\/a><\/p>","protected":false},"excerpt":{"rendered":"<p>Shizencos \u2013 Nh\u00e0 m\u00e1y gia c\u00f4ng m\u1ef9 ph\u1ea9m lu\u00f4n \u0111\u1eb7t quy\u1ec1n l\u1ee3i kh\u00e1ch h\u00e0ng l\u00ean h\u00e0ng \u0111\u1ea7u. Khi tr\u1edf th\u00e0nh \u0111\u1ed1i t\u00e1c c\u1ee7a ch\u00fang t\u00f4i, b\u1ea1n kh\u00f4ng ch\u1ec9 nh\u1eadn \u0111\u01b0\u1ee3c s\u1ea3n ph\u1ea9m ch\u1ea5t l\u01b0\u1ee3ng cao m\u00e0 c\u00f2n \u0111\u01b0\u1ee3c h\u01b0\u1edfng c\u00e1c ch\u00ednh s\u00e1ch h\u1eadu m\u00e3i t\u1eadn t\u00e2m, minh b\u1ea1ch v\u00e0 r\u00f5 r\u00e0ng. Quy\u1ec1n l\u1ee3i \u0111\u1eb7c bi\u1ec7t [&hellip;]<\/p>\n","protected":false},"author":2,"featured_media":3294,"parent":0,"menu_order":0,"comment_status":"closed","ping_status":"closed","template":"","meta":{"footnotes":""},"class_list":["post-3699","page","type-page","status-publish","has-post-thumbnail","hentry"],"_links":{"self":[{"href":"https:\/\/shizencos.com\/en\/wp-json\/wp\/v2\/pages\/3699","targetHints":{"allow":["GET"]}}],"collection":[{"href":"https:\/\/shizencos.com\/en\/wp-json\/wp\/v2\/pages"}],"about":[{"href":"https:\/\/shizencos.com\/en\/wp-json\/wp\/v2\/types\/page"}],"author":[{"embeddable":true,"href":"https:\/\/shizencos.com\/en\/wp-json\/wp\/v2\/users\/2"}],"replies":[{"embeddable":true,"href":"https:\/\/shizencos.com\/en\/wp-json\/wp\/v2\/comments?post=3699"}],"version-history":[{"count":1,"href":"https:\/\/shizencos.com\/en\/wp-json\/wp\/v2\/pages\/3699\/revisions"}],"predecessor-version":[{"id":14276,"href":"https:\/\/shizencos.com\/en\/wp-json\/wp\/v2\/pages\/3699\/revisions\/14276"}],"wp:featuredmedia":[{"embeddable":true,"href":"https:\/\/shizencos.com\/en\/wp-json\/wp\/v2\/media\/3294"}],"wp:attachment":[{"href":"https:\/\/shizencos.com\/en\/wp-json\/wp\/v2\/media?parent=3699"}],"curies":[{"name":"wp","href":"https:\/\/api.w.org\/{rel}","templated":true}]}}