{"id":3695,"date":"2024-05-02T06:26:17","date_gmt":"2024-05-02T06:26:17","guid":{"rendered":"https:\/\/shizencos.com\/?page_id=3695"},"modified":"2026-04-09T15:58:47","modified_gmt":"2026-04-09T08:58:47","slug":"chinh-sach-van-chuyen-gia-cong-my-pham","status":"publish","type":"page","link":"https:\/\/shizencos.com\/en\/chinh-sach-van-chuyen-gia-cong-my-pham\/","title":{"rendered":"Shipping policy"},"content":{"rendered":"<p>Shizencos \u0111\u01b0\u1ee3c th\u00e0nh l\u1eadp v\u1edbi mong mu\u1ed1n tr\u1edf th\u00e0nh m\u1ed9t nh\u00e0 m\u00e1y gia c\u00f4ng m\u1ef9 ph\u1ea9m chuy\u00ean nghi\u1ec7p, cung c\u1ea5p d\u1ecbch v\u1ee5 gia c\u00f4ng theo h\u00ecnh th\u1ee9c OEM\/ODM\/OBM, \u0111\u1ea1t c\u00e1c ti\u00eau chu\u1ea9n ch\u1ea5t l\u01b0\u1ee3ng qu\u1ed1c t\u1ebf nh\u01b0 ISO &#8211; GMP v\u00e0 FDA Hoa K\u1ef3.<\/p>\n<p>Kh\u00f4ng ch\u1ec9 cung c\u1ea5p d\u1ecbch v\u1ee5, Ch\u00fang t\u00f4i c\u00f2n lu\u00f4n \u0111\u1eb7t ch\u00ednh s\u00e1ch h\u1eadu m\u00e3i v\u00e0 s\u1ef1 \u0111\u1ed3ng h\u00e0nh c\u00f9ng kh\u00e1ch h\u00e0ng l\u00ean h\u00e0ng \u0111\u1ea7u. Ch\u00fang t\u00f4i x\u00e2y d\u1ef1ng c\u00e1c g\u00f3i \u01b0u \u0111\u00e3i v\u00e0 h\u1ed7 tr\u1ee3 t\u1eadn t\u00ecnh trong kh\u00e2u v\u1eadn chuy\u1ec3n v\u00e0 \u0111\u1ed5i tr\u1ea3, nh\u1eb1m mang l\u1ea1i tr\u1ea3i nghi\u1ec7m d\u1ecbch v\u1ee5 su\u00f4n s\u1ebb v\u00e0 an t\u00e2m cho kh\u00e1ch h\u00e0ng.<\/p>\n<p><a href=\"https:\/\/shizencos.com\/wp-content\/uploads\/2025\/05\/bia-web-1-optimized.webp\"><img fetchpriority=\"high\" decoding=\"async\" class=\"size-full wp-image-12555\" src=\"https:\/\/shizencos.com\/wp-content\/uploads\/2025\/05\/bia-web-1-optimized.webp\" alt=\"Shizencos\" width=\"1537\" height=\"598\" title=\"\" srcset=\"https:\/\/shizencos.com\/wp-content\/uploads\/2025\/05\/bia-web-1-optimized.webp 1537w, https:\/\/shizencos.com\/wp-content\/uploads\/2025\/05\/bia-web-1-optimized-300x117.webp 300w, https:\/\/shizencos.com\/wp-content\/uploads\/2025\/05\/bia-web-1-optimized-1024x398.webp 1024w, https:\/\/shizencos.com\/wp-content\/uploads\/2025\/05\/bia-web-1-optimized-150x58.webp 150w, https:\/\/shizencos.com\/wp-content\/uploads\/2025\/05\/bia-web-1-optimized-768x299.webp 768w, https:\/\/shizencos.com\/wp-content\/uploads\/2025\/05\/bia-web-1-optimized-18x7.webp 18w, https:\/\/shizencos.com\/wp-content\/uploads\/2025\/05\/bia-web-1-optimized-600x233.webp 600w\" sizes=\"(max-width: 1537px) 100vw, 1537px\" \/><\/a><\/p>\n<h2>Ch\u00ednh s\u00e1ch v\u1eadn chuy\u1ec3n t\u1ea1i Shizencos<\/h2>\n<p>Khi kh\u00e1ch h\u00e0ng \u0111\u00e3 th\u1ed1ng nh\u1ea5t v\u00e0 \u0111\u1ed3ng \u00fd s\u1eed d\u1ee5ng d\u1ecbch v\u1ee5, ch\u00fang t\u00f4i s\u1ebd \u00e1p d\u1ee5ng ch\u00ednh s\u00e1ch h\u1ed7 tr\u1ee3 v\u1eadn chuy\u1ec3n nh\u01b0 sau:<\/p>\n<p>&#8211; Kh\u00e1ch h\u00e0ng n\u1ed9i th\u00e0nh TP.HCM: \u0110\u01b0\u1ee3c mi\u1ec5n ph\u00ed giao h\u00e0ng \u0111\u1ebfn t\u1eadn n\u01a1i.<\/p>\n<p>&#8211; Kh\u00e1ch h\u00e0ng \u1edf c\u00e1c t\u1ec9nh: \u0110\u01b0\u1ee3c mi\u1ec5n ph\u00ed giao h\u00e0ng \u0111\u1ebfn c\u00e1c \u0111i\u1ec3m trung chuy\u1ec3n nh\u01b0 nh\u00e0 xe, nh\u00e0 ga ho\u1eb7c s\u00e2n bay t\u1ea1i n\u1ed9i th\u00e0nh TP.HCM. Ph\u1ea7n chi ph\u00ed v\u1eadn chuy\u1ec3n t\u1eeb \u0111\u00f3 \u0111\u1ebfn \u0111\u1ecba ch\u1ec9 c\u1ee5 th\u1ec3 c\u1ee7a kh\u00e1ch h\u00e0ng s\u1ebd do kh\u00e1ch t\u1ef1 chi tr\u1ea3.<\/p>\n<p>Sau khi nh\u1eadn h\u00e0ng, kh\u00e1ch c\u1ea7n ki\u1ec3m tra k\u1ef9 th\u00f4ng tin, \u0111\u1ea3m b\u1ea3o s\u1ea3n ph\u1ea9m c\u00f2n tem ni\u00eam phong, nguy\u00ean \u0111ai nguy\u00ean ki\u1ec7n v\u00e0 kh\u00f4ng c\u00f3 d\u1ea5u hi\u1ec7u h\u01b0 h\u1ecfng.<\/p>\n<h2>Ch\u00ednh s\u00e1ch \u0111\u1ed5i tr\u1ea3 minh b\u1ea1ch, h\u1ed7 tr\u1ee3 t\u1ed1i \u0111a<\/h2>\n<p>Vi\u1ec7c \u0111\u1ed5i ho\u1eb7c tr\u1ea3 h\u00e0ng l\u00e0 \u0111i\u1ec1u kh\u00f4ng ai mong mu\u1ed1n. Tuy nhi\u00ean, trong th\u1ef1c t\u1ebf, sai s\u00f3t v\u1eabn c\u00f3 th\u1ec3 x\u1ea3y ra. \u0110i\u1ec1u n\u00e0y c\u00f3 th\u1ec3 l\u00e0m m\u1ea5t th\u1eddi gian, chi ph\u00ed, th\u1eadm ch\u00ed \u1ea3nh h\u01b0\u1edfng \u0111\u1ebfn uy t\u00edn v\u00e0 ni\u1ec1m tin c\u1ee7a kh\u00e1ch h\u00e0ng. Hi\u1ec3u \u0111\u01b0\u1ee3c \u0111i\u1ec1u \u0111\u00f3, Shizencos \u0111\u00e3 x\u00e2y d\u1ef1ng ch\u00ednh s\u00e1ch \u0111\u1ed5i tr\u1ea3 c\u1ee5 th\u1ec3 nh\u01b0 sau:<\/p>\n<h2>1. L\u1ed7i k\u1ef9 thu\u1eadt trong qu\u00e1 tr\u00ecnh s\u1ea3n xu\u1ea5t<\/h2>\n<p>N\u1ebfu s\u1ea3n ph\u1ea9m g\u1eb7p l\u1ed7i k\u1ef9 thu\u1eadt xu\u1ea5t ph\u00e1t t\u1eeb kh\u00e2u s\u1ea3n xu\u1ea5t, Shizencos s\u1ebd ki\u1ec3m tra v\u00e0 ti\u1ebfp nh\u1eadn \u0111\u1ed5i tr\u1ea3 ho\u00e0n to\u00e0n cho kh\u00e1ch h\u00e0ng.<\/p>\n<h2>2. Tr\u01b0\u1eddng h\u1ee3p h\u00e0ng b\u00e1n th\u00e0nh ph\u1ea9m<\/h2>\n<p>\u0110\u1ed1i v\u1edbi c\u00e1c \u0111\u01a1n h\u00e0ng b\u00e1n th\u00e0nh ph\u1ea9m \u2013 t\u1ee9c kh\u00e1ch h\u00e0ng ch\u1ec9 gia c\u00f4ng kem v\u00e0 t\u1ef1 \u0111\u00f3ng g\u00f3i, Shizencos s\u1ebd ch\u1ecbu tr\u00e1ch nhi\u1ec7m v\u1ec1 ch\u1ea5t l\u01b0\u1ee3ng s\u1ea3n ph\u1ea9m n\u1ebfu l\u1ed7i ph\u00e1t sinh t\u1eeb kh\u00e2u gia c\u00f4ng. Sau khi nh\u1eadn l\u1ea1i s\u1ea3n ph\u1ea9m l\u1ed7i v\u00e0 ti\u1ebfn h\u00e0nh ki\u1ec3m tra, n\u1ebfu x\u00e1c minh \u0111\u00fang l\u1ed7i t\u1eeb ph\u00eda nh\u00e0 m\u00e1y, ch\u00fang t\u00f4i s\u1ebd ti\u1ebfn h\u00e0nh \u0111\u1ed5i m\u1edbi s\u1ea3n ph\u1ea9m thay th\u1ebf.<\/p>\n<h2>3. H\u00e0ng b\u1ecb b\u1ec3 v\u1ee1 trong qu\u00e1 tr\u00ecnh v\u1eadn chuy\u1ec3n<\/h2>\n<p>Trong tr\u01b0\u1eddng h\u1ee3p h\u00e0ng h\u00f3a b\u1ecb b\u1ec3, v\u1ee1 do qu\u00e1 tr\u00ecnh v\u1eadn chuy\u1ec3n, ch\u00fang t\u00f4i s\u1ebd nh\u1eadn \u0111\u1ed5i tr\u1ea3 nh\u1eefng s\u1ea3n ph\u1ea9m \u0111\u00f3 v\u00e0 g\u1eedi l\u1ea1i h\u00e0ng m\u1edbi \u0111\u1ebfn kh\u00e1ch h\u00e0ng.<\/p>\n<p>V\u1edbi ch\u00ednh s\u00e1ch mi\u1ec5n ph\u00ed v\u1eadn chuy\u1ec3n n\u1ed9i th\u00e0nh, h\u1ed7 tr\u1ee3 giao h\u00e0ng t\u1ec9nh linh ho\u1ea1t c\u00f9ng v\u1edbi quy tr\u00ecnh \u0111\u1ed5i tr\u1ea3 r\u00f5 r\u00e0ng, c\u00f3 tr\u00e1ch nhi\u1ec7m, ch\u00fang t\u00f4i mong mu\u1ed1n mang l\u1ea1i cho kh\u00e1ch h\u00e0ng s\u1ef1 h\u00e0i l\u00f2ng tuy\u1ec7t \u0111\u1ed1i trong qu\u00e1 tr\u00ecnh s\u1eed d\u1ee5ng d\u1ecbch v\u1ee5 t\u1ea1i nh\u00e0 m\u00e1y gia c\u00f4ng m\u1ef9 ph\u1ea9m c\u1ee7a ch\u00fang t\u00f4i.<\/p>\n<h2><strong>SHIZENCOS PHARMACEUTICAL CHEMICAL CO., LTD.<\/strong><\/h2>\n<ul>\n<li style=\"font-weight: 400;\" aria-level=\"1\"><span style=\"font-weight: 400;\">Tr\u1ee5 s\u1edf ch\u00ednh: 43D\/6 H\u1ed3 V\u0103n Hu\u00ea, ph\u01b0\u1eddng \u0110\u1ee9c Nhu\u1eadn, Tp.H\u1ed3 Ch\u00ed Minh.<\/span><\/li>\n<li style=\"font-weight: 400;\" aria-level=\"1\"><span style=\"font-weight: 400;\">Nh\u00e0 m\u00e1y: Nh\u00e0 x\u01b0\u1edfng B1-B2, KCN T\u00e2n Kim, KP T\u00e2n Ph\u01b0\u1edbc, x\u00e3 C\u1ea7n Giu\u1ed9c, t\u1ec9nh T\u00e2y Ninh.<\/span><\/li>\n<li style=\"font-weight: 400;\" aria-level=\"1\"><span style=\"font-weight: 400;\">Email:<\/span><span style=\"font-weight: 400;\"> cskh1@shizencos.com<\/span><\/li>\n<li style=\"font-weight: 400;\" aria-level=\"1\"><span style=\"font-weight: 400;\">Hotline: 0333 413 868<\/span><\/li>\n<li style=\"font-weight: 400;\" aria-level=\"1\"><span style=\"font-weight: 400;\">Website:<\/span><a href=\"https:\/\/shizencos.com\/en\/\"><span style=\"font-weight: 400;\"> https:\/\/shizencos.com\/<\/span><\/a><\/li>\n<\/ul>","protected":false},"excerpt":{"rendered":"<p>Shizencos \u0111\u01b0\u1ee3c th\u00e0nh l\u1eadp v\u1edbi mong mu\u1ed1n tr\u1edf th\u00e0nh m\u1ed9t nh\u00e0 m\u00e1y gia c\u00f4ng m\u1ef9 ph\u1ea9m chuy\u00ean nghi\u1ec7p, cung c\u1ea5p d\u1ecbch v\u1ee5 gia c\u00f4ng theo h\u00ecnh th\u1ee9c OEM\/ODM\/OBM, \u0111\u1ea1t c\u00e1c ti\u00eau chu\u1ea9n ch\u1ea5t l\u01b0\u1ee3ng qu\u1ed1c t\u1ebf nh\u01b0 ISO &#8211; GMP v\u00e0 FDA Hoa K\u1ef3. Kh\u00f4ng ch\u1ec9 cung c\u1ea5p d\u1ecbch v\u1ee5, Ch\u00fang t\u00f4i c\u00f2n lu\u00f4n \u0111\u1eb7t [&hellip;]<\/p>\n","protected":false},"author":2,"featured_media":12486,"parent":0,"menu_order":0,"comment_status":"closed","ping_status":"closed","template":"","meta":{"footnotes":""},"class_list":["post-3695","page","type-page","status-publish","has-post-thumbnail","hentry"],"_links":{"self":[{"href":"https:\/\/shizencos.com\/en\/wp-json\/wp\/v2\/pages\/3695","targetHints":{"allow":["GET"]}}],"collection":[{"href":"https:\/\/shizencos.com\/en\/wp-json\/wp\/v2\/pages"}],"about":[{"href":"https:\/\/shizencos.com\/en\/wp-json\/wp\/v2\/types\/page"}],"author":[{"embeddable":true,"href":"https:\/\/shizencos.com\/en\/wp-json\/wp\/v2\/users\/2"}],"replies":[{"embeddable":true,"href":"https:\/\/shizencos.com\/en\/wp-json\/wp\/v2\/comments?post=3695"}],"version-history":[{"count":2,"href":"https:\/\/shizencos.com\/en\/wp-json\/wp\/v2\/pages\/3695\/revisions"}],"predecessor-version":[{"id":14278,"href":"https:\/\/shizencos.com\/en\/wp-json\/wp\/v2\/pages\/3695\/revisions\/14278"}],"wp:featuredmedia":[{"embeddable":true,"href":"https:\/\/shizencos.com\/en\/wp-json\/wp\/v2\/media\/12486"}],"wp:attachment":[{"href":"https:\/\/shizencos.com\/en\/wp-json\/wp\/v2\/media?parent=3695"}],"curies":[{"name":"wp","href":"https:\/\/api.w.org\/{rel}","templated":true}]}}